{"id":1005,"date":"2022-01-18T11:53:23","date_gmt":"2022-01-18T11:53:23","guid":{"rendered":"http:\/\/finiz.singidunum.ac.rs\/en\/?page_id=1005"},"modified":"2022-02-08T14:57:23","modified_gmt":"2022-02-08T14:57:23","slug":"video-galery","status":"publish","type":"page","link":"https:\/\/finiz.singidunum.ac.rs\/en\/video-galery\/","title":{"rendered":"Video gallery"},"content":{"rendered":"\n<p>&nbsp;<\/p>\n<table class=\"tabela\">\n<tbody>\n<tr>\n<td colspan=\"2\">\n<h2 style=\"text-align: center;\">Konferencija FINIZ 2021<\/h2>\n<p><iframe loading=\"lazy\" style=\"text-align: center;\" src=\"https:\/\/www.youtube.com\/embed\/MnMznG-T0e4\" width=\"960\" height=\"540\" frameborder=\"0\" allowfullscreen=\"allowfullscreen\"><\/iframe><\/p>\n<\/td>\n<\/tr>\n<tr>\n<td width=\"480\">\n<h2 style=\"text-align: center; height: 85px;\"> U korak sa promenama u poslovnom okru\u017eenju<\/h2>\n<p><iframe loading=\"lazy\" src=\"https:\/\/www.youtube.com\/embed\/Arq4mGdkZK8\" width=\"480\" height=\"270\" frameborder=\"0\" allowfullscreen=\"allowfullscreen\"><\/iframe><\/p>\n<\/td>\n<td width=\"480\">\n<h2 style=\"text-align: center; height: 85px;\"> Izazovi u forenzi\u010dkoj istrazi <\/h2>\n<p><iframe loading=\"lazy\" src=\"https:\/\/www.youtube.com\/embed\/iRj63J8BWwU\" width=\"480\" height=\"270\" frameborder=\"0\" allowfullscreen=\"allowfullscreen\"><\/iframe><\/p>\n<\/td>\n<\/tr>\n<tr>\n<td width=\"480\">\n<h2 style=\"text-align: center; height: 85px;\">  Elektronske fakture, kao obavezan korak ka digitalizaciji poslovanja <\/h2>\n<p><iframe loading=\"lazy\" src=\"https:\/\/www.youtube.com\/embed\/mfXcnL8dol4\" width=\"480\" height=\"270\" frameborder=\"0\" allowfullscreen=\"allowfullscreen\"><\/iframe><\/p>\n<\/td>\n<td width=\"480\">\n<h2 style=\"text-align: center; height: 85px;\">  Komunikacija i kolaboracija u centru marketin\u0161ke problematike u postkovid eri <\/h2>\n<p><iframe loading=\"lazy\" src=\"https:\/\/www.youtube.com\/embed\/uDW5ZxKoJQI\" width=\"480\" height=\"270\" frameborder=\"0\" allowfullscreen=\"allowfullscreen\"><\/iframe><\/p>\n<\/td>\n<\/tr>\n<tr>\n<td width=\"480\">\n<h2 style=\"text-align: center; height: 85px;\"> Trostruki efekat promene regulative EU iz oblasti za\u0161tite \u017eivotne sredine <\/h2>\n<p><iframe loading=\"lazy\" src=\"https:\/\/www.youtube.com\/embed\/YY_DQ2qfrzA\" width=\"480\" height=\"270\" frameborder=\"0\" allowfullscreen=\"allowfullscreen\"><\/iframe><\/p>\n<\/td>\n<td width=\"480\">\n<h2 style=\"text-align: center; height: 85px;\"> Upravljanje ljudskim resursima kroz neprekidno pobolj\u0161anje poslovanja <\/h2>\n<p><iframe loading=\"lazy\" src=\"https:\/\/www.youtube.com\/embed\/xkoN0HIslHc\" width=\"480\" height=\"270\" frameborder=\"0\" allowfullscreen=\"allowfullscreen\"><\/iframe><\/p>\n<\/td>\n<\/tr>\n<\/tbody>\n<\/table>\n","protected":false},"excerpt":{"rendered":"<p>&nbsp; Konferencija FINIZ 2021 U korak sa promenama u poslovnom okru\u017eenju Izazovi u forenzi\u010dkoj istrazi Elektronske fakture, kao obavezan korak ka digitalizaciji poslovanja Komunikacija i kolaboracija u centru marketin\u0161ke problematike u postkovid eri Trostruki efekat promene regulative EU iz oblasti za\u0161tite \u017eivotne sredine Upravljanje ljudskim resursima kroz neprekidno pobolj\u0161anje poslovanja<\/p>\n","protected":false},"author":3,"featured_media":0,"parent":0,"menu_order":0,"comment_status":"closed","ping_status":"closed","template":"","meta":{"footnotes":""},"class_list":["post-1005","page","type-page","status-publish","hentry"],"acf":[],"_links":{"self":[{"href":"https:\/\/finiz.singidunum.ac.rs\/en\/wp-json\/wp\/v2\/pages\/1005","targetHints":{"allow":["GET"]}}],"collection":[{"href":"https:\/\/finiz.singidunum.ac.rs\/en\/wp-json\/wp\/v2\/pages"}],"about":[{"href":"https:\/\/finiz.singidunum.ac.rs\/en\/wp-json\/wp\/v2\/types\/page"}],"author":[{"embeddable":true,"href":"https:\/\/finiz.singidunum.ac.rs\/en\/wp-json\/wp\/v2\/users\/3"}],"replies":[{"embeddable":true,"href":"https:\/\/finiz.singidunum.ac.rs\/en\/wp-json\/wp\/v2\/comments?post=1005"}],"version-history":[{"count":3,"href":"https:\/\/finiz.singidunum.ac.rs\/en\/wp-json\/wp\/v2\/pages\/1005\/revisions"}],"predecessor-version":[{"id":1018,"href":"https:\/\/finiz.singidunum.ac.rs\/en\/wp-json\/wp\/v2\/pages\/1005\/revisions\/1018"}],"wp:attachment":[{"href":"https:\/\/finiz.singidunum.ac.rs\/en\/wp-json\/wp\/v2\/media?parent=1005"}],"curies":[{"name":"wp","href":"https:\/\/api.w.org\/{rel}","templated":true}]}}