{"id":1093,"date":"2022-12-06T12:04:17","date_gmt":"2022-12-06T12:04:17","guid":{"rendered":"https:\/\/finiz.singidunum.ac.rs\/en\/?page_id=1093"},"modified":"2023-01-12T11:55:53","modified_gmt":"2023-01-12T11:55:53","slug":"organizing-committee-2022-2","status":"publish","type":"page","link":"https:\/\/finiz.singidunum.ac.rs\/en\/organizing-committee-2022-2\/","title":{"rendered":"Organizing Committee 2022"},"content":{"rendered":"\n<ul class=\"wp-block-list\">\n<li>Milovan Stani\u0161i\u0107, President of Singidunum University and Chairman of the Committee<\/li>\n\n\n\n<li>Nemanja Stani\u0161i\u0107, Vice-president, Singidunum University<\/li>\n\n\n\n<li>Goranka Kne\u017eevi\u0107, Rector, Singidunum University<\/li>\n\n\n\n<li>Endre Pap, Singidunum University<\/li>\n\n\n\n<li>Zoran Petrovi\u0107, Singidunum University<\/li>\n\n\n\n<li>Aleksandar Mihajlovi\u0107, Singidunum University<\/li>\n\n\n\n<li>Aleksandar \u0110or\u0111evi\u0107, Singidunum University<\/li>\n\n\n\n<li>Ali Elsadai, Singidunum University<\/li>\n\n\n\n<li>Ana Obradovi\u0107, Singidunum University<\/li>\n\n\n\n<li>Ana Radulovi\u0107, Singidunum University<\/li>\n\n\n\n<li>Goran Kunjadi\u0107, Singidunum University<\/li>\n\n\n\n<li>Gordana Dobrijevi\u0107, Singidunum University<\/li>\n\n\n\n<li>Ivana Brdar, Singidunum University<\/li>\n\n\n\n<li>Ivica Terzi\u0107, Singidunum University<\/li>\n\n\n\n<li>Jelena Gaji\u0107, Singidunum University<\/li>\n\n\n\n<li>Jelena Gavrilovi\u0107, Singidunum University<\/li>\n\n\n\n<li>Jovana Mari\u010di\u0107, Singidunum University<\/li>\n\n\n\n<li>Lazar Dra\u017eeta, Singidunum University<\/li>\n\n\n\n<li>Lidija Barjaktarovi\u0107, Singidunum University<\/li>\n\n\n\n<li>Maja Kljaji\u0107, Singidunum University<\/li>\n\n\n\n<li>Maja Obradovi\u0107, Singidunum University<\/li>\n\n\n\n<li>Marijana Prodanovi\u0107, Singidunum University<\/li>\n\n\n\n<li>Marko Milojevi\u0107, Singidunum University<\/li>\n\n\n\n<li>Marko \u0160arac, Singidunum University<\/li>\n\n\n\n<li>Marko Pavi\u0107evi\u0107, Singidunum University<\/li>\n\n\n\n<li>Milan Tair, Singidunum University<\/li>\n\n\n\n<li>Milo\u0161 Vi\u0161nji\u0107, Singidunum University<\/li>\n\n\n\n<li>Milo\u0161 Mravik, Singidunum University<\/li>\n\n\n\n<li>Neboj\u0161a Ba\u010danin-D\u017eakula, Singidunum University<\/li>\n\n\n\n<li>Nikola Savanovi\u0107, Singidunum University<\/li>\n\n\n\n<li>Petar Jaki\u0107, Singidunum University<\/li>\n\n\n\n<li>Tanja Vu\u010dkovi\u0107, Singidunum University<\/li>\n\n\n\n<li>Predrag Obradovi\u0107, Singidunum University<\/li>\n\n\n\n<li>Predrag Vukadinovi\u0107, Singidunum University<\/li>\n\n\n\n<li>Slavko Al\u010dakovi\u0107, Singidunum University<\/li>\n\n\n\n<li>Svetlana Stani\u0161i\u0107, Singidunum University<\/li>\n\n\n\n<li>Valentina Gavranovi\u0107, Singidunum University<\/li>\n\n\n\n<li>Vule Mizdrakovi\u0107, Singidunum University<\/li>\n\n\n\n<li>Zoran Jovi\u0107, Singidunum University<\/li>\n<\/ul>\n","protected":false},"excerpt":{"rendered":"","protected":false},"author":3,"featured_media":0,"parent":0,"menu_order":0,"comment_status":"closed","ping_status":"closed","template":"","meta":{"footnotes":""},"class_list":["post-1093","page","type-page","status-publish","hentry"],"acf":[],"_links":{"self":[{"href":"https:\/\/finiz.singidunum.ac.rs\/en\/wp-json\/wp\/v2\/pages\/1093","targetHints":{"allow":["GET"]}}],"collection":[{"href":"https:\/\/finiz.singidunum.ac.rs\/en\/wp-json\/wp\/v2\/pages"}],"about":[{"href":"https:\/\/finiz.singidunum.ac.rs\/en\/wp-json\/wp\/v2\/types\/page"}],"author":[{"embeddable":true,"href":"https:\/\/finiz.singidunum.ac.rs\/en\/wp-json\/wp\/v2\/users\/3"}],"replies":[{"embeddable":true,"href":"https:\/\/finiz.singidunum.ac.rs\/en\/wp-json\/wp\/v2\/comments?post=1093"}],"version-history":[{"count":3,"href":"https:\/\/finiz.singidunum.ac.rs\/en\/wp-json\/wp\/v2\/pages\/1093\/revisions"}],"predecessor-version":[{"id":1126,"href":"https:\/\/finiz.singidunum.ac.rs\/en\/wp-json\/wp\/v2\/pages\/1093\/revisions\/1126"}],"wp:attachment":[{"href":"https:\/\/finiz.singidunum.ac.rs\/en\/wp-json\/wp\/v2\/media?parent=1093"}],"curies":[{"name":"wp","href":"https:\/\/api.w.org\/{rel}","templated":true}]}}