{"id":1096,"date":"2022-12-06T12:06:20","date_gmt":"2022-12-06T12:06:20","guid":{"rendered":"https:\/\/finiz.singidunum.ac.rs\/en\/?page_id=1096"},"modified":"2022-12-06T12:06:20","modified_gmt":"2022-12-06T12:06:20","slug":"programme-committee-2022-2","status":"publish","type":"page","link":"https:\/\/finiz.singidunum.ac.rs\/en\/programme-committee-2022-2\/","title":{"rendered":"Programme Committee 2022"},"content":{"rendered":"\n<div class=\"wp-block-columns is-layout-flex wp-container-core-columns-is-layout-9d6595d7 wp-block-columns-is-layout-flex\">\n<div class=\"wp-block-column is-layout-flow wp-block-column-is-layout-flow\">\n<ul class=\"wp-block-list\">\n<li>Milovan Stani\u0161i\u0107, President of Singidunum University and Chairman of the Committee<\/li>\n\n\n\n<li>Nemanja Stani\u0161i\u0107, Vice-president, Singidunum University<\/li>\n\n\n\n<li>Goranka Kne\u017eevi\u0107, Rector, Singidunum University<\/li>\n\n\n\n<li>Endre Pap, Singidunum University<\/li>\n\n\n\n<li>Zoran Petrovi\u0107, Singidunum University<\/li>\n\n\n\n<li>Dalibor Radovanovi\u0107, Singidunum University<\/li>\n\n\n\n<li>Goran Kunjadi\u0107, Singidunum University<\/li>\n\n\n\n<li>Ivica Terzi\u0107, Singidunum University<\/li>\n\n\n\n<li>Lidija Barjaktarovi\u0107, Singidunum University<\/li>\n\n\n\n<li>Marko Milojevi\u0107, Singidunum University<\/li>\n\n\n\n<li>Mile Stani\u0161i\u0107, Singidunum University<\/li>\n\n\n\n<li>Miroljub Had\u017ei\u0107, Singidunum University<\/li>\n\n\n\n<li>Neboj\u0161a Ba\u010danin-D\u017eakula, Singidunum University<\/li>\n\n\n\n<li>Nikola Stefanovi\u0107, Singidunum University<\/li>\n\n\n\n<li>Olivera Nikoli\u0107, Singidunum University<\/li>\n\n\n\n<li>Tijana Radojevi\u0107, Singidunum University<\/li>\n\n\n\n<li>Vladimir Poznani\u0107, FEFA Belgrade<\/li>\n\n\n\n<li>Vule Mizdrakovi\u0107, Singidunum University<\/li>\n\n\n\n<li>Zoran Jeremi\u0107, Singidunum University<\/li>\n\n\n\n<li>Zoran Jovi\u0107, Singidunum University<\/li>\n<\/ul>\n<\/div>\n\n\n\n<div class=\"wp-block-column is-layout-flow wp-block-column-is-layout-flow\">\n<ul class=\"wp-block-list\">\n<li>Aleksandar Janju\u0161evi\u0107, Ministry of Finance, Republic of Serbia<\/li>\n\n\n\n<li>Aleksandar Kemive\u0161, Chamber of Commerce and Industry of Serbia<\/li>\n\n\n\n<li>Aleksandar Plav\u0161in, The Business Intelligence Institute<\/li>\n\n\n\n<li>Ana Jolovi\u0107, RELOF<\/li>\n\n\n\n<li>Biljana Bogovac, PwC Serbia<\/li>\n\n\n\n<li>Bojan Rado\u0161, Chamber of Authorized Auditors<\/li>\n\n\n\n<li>Branislav Lon\u010dar, Publicis One Serbia<\/li>\n\n\n\n<li>Branko Srdanovi\u0107, OTP Bank<\/li>\n\n\n\n<li>David Schock, Serbian Private Equity Association<\/li>\n\n\n\n<li>Dejan Nedi\u0107, The Second School of Economics<\/li>\n\n\n\n<li>Dragan Pe\u0161i\u0107, Raiffeisen bank<\/li>\n\n\n\n<li>Dragan Vje\u0161tica, Dr. Oetker<\/li>\n\n\n\n<li>Dragana Grozdani\u0107, CBS International<\/li>\n\n\n\n<li>Du\u0161ko Pejovi\u0107, State Audit Institution<\/li>\n\n\n\n<li>Ivan Stamenkovi\u0107, NIVS Partners.<\/li>\n\n\n\n<li>Jasmina Gr\u017eini\u0107, Juraj Dobrila University of Pula, Faculty of Economics and Tourism \u201cDr. Mijo Mirkovi\u0107\u201d, Croatia<\/li>\n\n\n\n<li>Jelena Runi\u0107, The Institute of Internal Auditors<\/li>\n\n\n\n<li>Laura Vasilescu, University of Craiova, Romania<\/li>\n\n\n\n<li>Lidija Baji\u0107, Novo Nordisk Srbija<\/li>\n\n\n\n<li>Marija Jeli\u0107, Network for Business Development<\/li>\n\n\n\n<li>Marija Ku\u0161i\u0107 Radovanovi\u0107, CFE, ACFE Serbia<\/li>\n\n\n\n<li>Marko Danon, Naled<\/li>\n\n\n\n<li>Marko Fabris, Turnaround Management Association Serbia<\/li>\n\n\n\n<li>Mihailo Lazarevi\u0107, Chamber of Authorized Auditors<\/li>\n\n\n\n<li>Milan Bukmirovi\u0107, CFO Assosiation of Serbia<\/li>\n\n\n\n<li>Milan Negovanovi\u0107, Privredni savetnik<\/li>\n\n\n\n<li>Milibor Sakovi\u0107, The First School of Economics \/ Association of schools of economics, legal-business, tourism-hospitality secondary schools in Serbia<\/li>\n\n\n\n<li>Miroslav Peri\u0107, Komercijalna Banka AD Belgrade, Chamber of Authorized Auditors<\/li>\n\n\n\n<li>Neboj\u0161a Bulatovi\u0107, Secondary School \u201cSvetozar Markovi\u0107\u201c \u2013 Novi Sad<\/li>\n\n\n\n<li>Ratomir \u0106irovi\u0107, Privredni savetnik<\/li>\n\n\n\n<li>Sanja Keki\u0107, ISACA Belgrade<\/li>\n\n\n\n<li>Sasho Kjosev, Faculty of Economics, University \u201cSs. Cyril and Methodius\u201d Skopje, Republic of Macedonia<\/li>\n\n\n\n<li>Sini\u0161a Krneta, Belgrade Stock Exchange<\/li>\n\n\n\n<li>Sr\u0111an Maleti\u0107, Intesa Invest Beograd<\/li>\n\n\n\n<li>Ticijan Peru\u0161ko, Juraj Dobrila University of Pula, Faculty of Economics and Tourism \u201cDr. Mijo Mirkovi\u0107\u201d, Croatia<\/li>\n\n\n\n<li>Vladan Nicovi\u0107, Secondary School of Economics \u010ca\u010dak\/ Association of schools of economics, legal-business, tourism-hospitality secondary schools in Serbia<\/li>\n\n\n\n<li>Vladimir Pavlovi\u0107, WM Equity Partners<\/li>\n\n\n\n<li>Vladislav Cvetkovic, PwC Serbia<\/li>\n\n\n\n<li>Vojkan Zdravkovi\u0107, Ministry of Finance, Republic of Serbia<\/li>\n\n\n\n<li>\u017darko Vukadinovi\u0107, CFE, President of ACFE Serbia<\/li>\n\n\n\n<li>\u017deljko Jovi\u0107, National Bank of Serbia<\/li>\n\n\n\n<li>Zoran \u0160kobi\u0107, The Association of Accountants and Auditors of Serbia<\/li>\n\n\n\n<li>Zorica Maravi\u0107, Law and Administration High School \u201cDimitije Davidovi\u0107\u201d- Zemun<\/li>\n<\/ul>\n<\/div>\n<\/div>\n","protected":false},"excerpt":{"rendered":"","protected":false},"author":3,"featured_media":0,"parent":0,"menu_order":0,"comment_status":"closed","ping_status":"closed","template":"","meta":{"footnotes":""},"class_list":["post-1096","page","type-page","status-publish","hentry"],"acf":[],"_links":{"self":[{"href":"https:\/\/finiz.singidunum.ac.rs\/en\/wp-json\/wp\/v2\/pages\/1096","targetHints":{"allow":["GET"]}}],"collection":[{"href":"https:\/\/finiz.singidunum.ac.rs\/en\/wp-json\/wp\/v2\/pages"}],"about":[{"href":"https:\/\/finiz.singidunum.ac.rs\/en\/wp-json\/wp\/v2\/types\/page"}],"author":[{"embeddable":true,"href":"https:\/\/finiz.singidunum.ac.rs\/en\/wp-json\/wp\/v2\/users\/3"}],"replies":[{"embeddable":true,"href":"https:\/\/finiz.singidunum.ac.rs\/en\/wp-json\/wp\/v2\/comments?post=1096"}],"version-history":[{"count":3,"href":"https:\/\/finiz.singidunum.ac.rs\/en\/wp-json\/wp\/v2\/pages\/1096\/revisions"}],"predecessor-version":[{"id":1099,"href":"https:\/\/finiz.singidunum.ac.rs\/en\/wp-json\/wp\/v2\/pages\/1096\/revisions\/1099"}],"wp:attachment":[{"href":"https:\/\/finiz.singidunum.ac.rs\/en\/wp-json\/wp\/v2\/media?parent=1096"}],"curies":[{"name":"wp","href":"https:\/\/api.w.org\/{rel}","templated":true}]}}