{"id":1100,"date":"2022-12-06T12:07:55","date_gmt":"2022-12-06T12:07:55","guid":{"rendered":"https:\/\/finiz.singidunum.ac.rs\/en\/?page_id=1100"},"modified":"2022-12-06T12:07:55","modified_gmt":"2022-12-06T12:07:55","slug":"scientific-committee-2022-2","status":"publish","type":"page","link":"https:\/\/finiz.singidunum.ac.rs\/en\/scientific-committee-2022-2\/","title":{"rendered":"Scientific Committee 2022"},"content":{"rendered":"\n<div class=\"wp-block-columns is-layout-flex wp-container-core-columns-is-layout-9d6595d7 wp-block-columns-is-layout-flex\">\n<div class=\"wp-block-column is-layout-flow wp-block-column-is-layout-flow\">\n<ul class=\"wp-block-list\">\n<li>Milovan Stani\u0161i\u0107, President of Singidunum University and Chairman of the Committee<\/li>\n\n\n\n<li>Nemanja Stani\u0161i\u0107, Vice-president, Singidunum University<\/li>\n\n\n\n<li>Goranka Kne\u017eevi\u0107, Rector, Singidunum University<\/li>\n\n\n\n<li>Endre Pap, Singidunum University<\/li>\n\n\n\n<li>Zoran Petrovi\u0107, Singidunum University<\/li>\n\n\n\n<li>Ivica Terzi\u0107, Singidunum University<\/li>\n\n\n\n<li>Katarina \u0110uli\u0107, FEFA Belgrade<\/li>\n\n\n\n<li>Lidija Barjaktarovi\u0107, Singidunum University<\/li>\n\n\n\n<li>Marko Milojevi\u0107, Singidunum University<\/li>\n\n\n\n<li>Miroljub Had\u017ei\u0107, Singidunum University<\/li>\n\n\n\n<li>Nata\u0161a Spahi\u0107, Faculty of Sciences, University of Novi Sad<\/li>\n\n\n\n<li>Neboj\u0161a Ba\u010danin-D\u017eakula, Singidunum University<\/li>\n\n\n\n<li>Nikola Staki\u0107, Singidunum University<\/li>\n\n\n\n<li>Nikola Stefanovi\u0107, Singidunum University<\/li>\n\n\n\n<li>Olivera Nikoli\u0107, Singidunum University<\/li>\n\n\n\n<li>Predrag Vukadinovi\u0107, Singidunum University<\/li>\n\n\n\n<li>Sanja Filipovi\u0107, Singidunum University<\/li>\n\n\n\n<li>Sne\u017eana Kne\u017eevi\u0107, Faculty Organisation Science, University of Belgrade<\/li>\n\n\n\n<li>Svetlana Stani\u0161i\u0107, Singidunum University<\/li>\n\n\n\n<li>Tijana Radojevi\u0107, Singidunum University<\/li>\n\n\n\n<li>Vladimir Poznani\u0107, FEFA Belgrade<\/li>\n\n\n\n<li>Vule Mizdrakovi\u0107, Singidunum University<\/li>\n\n\n\n<li>Zoran Jeremi\u0107, Singidunum University<\/li>\n\n\n\n<li>Zoran Jovi\u0107, Singidunum University<\/li>\n<\/ul>\n<\/div>\n\n\n\n<div class=\"wp-block-column is-layout-flow wp-block-column-is-layout-flow\">\n<ul class=\"wp-block-list\">\n<li>Aleksandrova Basheva, University of National and Word Economy, Sofia, Bulgaria.<\/li>\n\n\n\n<li>Bla\u017eenka Hadrovi\u0107 Zeki\u0107, Faculty of Economics in Osjek, Croatia<\/li>\n\n\n\n<li>David Tereladze, North-West Institute of Management, Sent-Petersburg, a member of Russian Presidential Academy for National Economy and Administration from Moscow \u2013 Faculty of Economics and Finances<\/li>\n\n\n\n<li>D\u2019Arcy Becker, CPA, University of Wisconsin Whitewater, United States of America<\/li>\n\n\n\n<li>Du\u0161ko \u0160njegota, Faculty of Economics in Banja Luka, Bosnia and Herzegovina, Republic of Srpska<\/li>\n\n\n\n<li>Dharmendra Singh,&nbsp;Department of Business &amp; Economics, Modern College of Business &amp; Science (MCBS), Muscat, Oman, (affiliated to University of Missouri, St Louis &amp; Franklin University,USA )<\/li>\n\n\n\n<li>Elena Druica, Head of the Department of Economic and Administrative Sciences, Faculty of Administration and Business, University of Bucharest, Romania<\/li>\n\n\n\n<li>Grzegorz Michalski, School of Management, Computer Science and Finance, Wroclaw University of Economics, Poland<\/li>\n\n\n\n<li>Ivona Vrdoljak Ragu\u017e, Head of the Department of Economics and Business, University of Dubrovnik, Dubrovnik, Croatia<\/li>\n\n\n\n<li>Jasmina Gr\u017eini\u0107, Juraj Dobrila University of Pula, Faculty of Economics and Tourism \u201cDr. Mijo Mirkovi\u0107\u201d, Croatia<\/li>\n\n\n\n<li>Kent Hother Nielsen, Lillebaelt Academy, University of Applied Sciences, Denmark<\/li>\n\n\n\n<li>Laura Vasilescu, University of Craiova, Romania<\/li>\n\n\n\n<li>Luis Castro Penarrieta, Universidad Privada Boliviana, Bolivia<\/li>\n\n\n\n<li>Marko Ho\u010devar, Faculty of Economics, University of Ljubljana, Ljubljana, Slovenija<\/li>\n\n\n\n<li>Mohammad Razaul Karim, Department of Public Administration, Faculty of Social Science, Comilla University, Bangladesh<\/li>\n\n\n\n<li>Neda Vitezi\u0107, Faculty of Economics, University of Rijeka, Rijeka, Croatia<\/li>\n\n\n\n<li>Paola De Vincentiis, Departimento di Management, Universita Degli Studio Di Torino, Itaila<\/li>\n\n\n\n<li>Piotr M. Jaworsky, The Business School of Management \u2013 Edinburgh, Napier University, Great Britain<\/li>\n\n\n\n<li>Radislav Jovovi\u0107, Mediterranean University, Montenegro<\/li>\n\n\n\n<li>Rajmund Mirdala, Faculty of Economics, Technical University of Kosice, Slovak Republic<\/li>\n\n\n\n<li>Ri\u010dardas Butenas, Kaunas University of Applied Sciences, Kaunas, Lithuania<\/li>\n\n\n\n<li>Sasho Kjosev, Faculty of Economics, University \u201cSs. Cyril and Methodius\u201d Skopje, Republic of Macedonia<\/li>\n\n\n\n<li>Sla\u0111ana \u010cabrilo,&nbsp; I-Shou University,&nbsp; Department of International Business Administration, Kaohsiung\/ Taiwan, The People\u2019s Republic of China<\/li>\n\n\n\n<li>Stefania Vignini, Department of Management University of Bologna, Italy<\/li>\n\n\n\n<li>Tatjana Jovanovi\u0107, Faculty of Administration, University of Ljubljana, Ljubljana, Slovenia<\/li>\n\n\n\n<li>Ticijan Peru\u0161ko, Juraj Dobrila University of Pula, Faculty of Economics and Tourism \u201cDr. Mijo Mirkovi\u0107\u201d, Croatia<\/li>\n\n\n\n<li>Vladan Pavlovi\u0107, University of Pri\u0161tina (temporarly settled in K.Mitrovica), Faculty of Economics<\/li>\n\n\n\n<li>Veselin Perovi\u0107, Faculty of Technical Sciences, University of Novi Sad, Srbija<\/li>\n\n\n\n<li>Vojislav Marjanovi\u0107, SAP University &amp; Academic Competence Centers \u2013 SAP Academic Competence Center, Sierre, Switzerland<\/li>\n\n\n\n<li>Xu Dan, Sanda University Shanghai, China<\/li>\n\n\n\n<li>Zoran Todorovi\u0107, Mediterranean University, Montenegro<\/li>\n<\/ul>\n<\/div>\n<\/div>\n","protected":false},"excerpt":{"rendered":"","protected":false},"author":3,"featured_media":0,"parent":0,"menu_order":0,"comment_status":"closed","ping_status":"closed","template":"","meta":{"footnotes":""},"class_list":["post-1100","page","type-page","status-publish","hentry"],"acf":[],"_links":{"self":[{"href":"https:\/\/finiz.singidunum.ac.rs\/en\/wp-json\/wp\/v2\/pages\/1100","targetHints":{"allow":["GET"]}}],"collection":[{"href":"https:\/\/finiz.singidunum.ac.rs\/en\/wp-json\/wp\/v2\/pages"}],"about":[{"href":"https:\/\/finiz.singidunum.ac.rs\/en\/wp-json\/wp\/v2\/types\/page"}],"author":[{"embeddable":true,"href":"https:\/\/finiz.singidunum.ac.rs\/en\/wp-json\/wp\/v2\/users\/3"}],"replies":[{"embeddable":true,"href":"https:\/\/finiz.singidunum.ac.rs\/en\/wp-json\/wp\/v2\/comments?post=1100"}],"version-history":[{"count":3,"href":"https:\/\/finiz.singidunum.ac.rs\/en\/wp-json\/wp\/v2\/pages\/1100\/revisions"}],"predecessor-version":[{"id":1103,"href":"https:\/\/finiz.singidunum.ac.rs\/en\/wp-json\/wp\/v2\/pages\/1100\/revisions\/1103"}],"wp:attachment":[{"href":"https:\/\/finiz.singidunum.ac.rs\/en\/wp-json\/wp\/v2\/media?parent=1100"}],"curies":[{"name":"wp","href":"https:\/\/api.w.org\/{rel}","templated":true}]}}