{"id":153,"date":"2015-11-06T13:06:24","date_gmt":"2015-11-06T13:06:24","guid":{"rendered":"http:\/\/finiz.singidunum.ac.rs\/en\/?page_id=153"},"modified":"2019-10-16T13:32:16","modified_gmt":"2019-10-16T13:32:16","slug":"agenda-2015","status":"publish","type":"page","link":"https:\/\/finiz.singidunum.ac.rs\/en\/agenda-2015\/","title":{"rendered":"Agenda"},"content":{"rendered":"<p><a class=\"btn btn-primary\" href=\"http:\/\/finiz.singidunum.ac.rs\/wp-content\/uploads\/2015\/11\/Agenda2015.pdf\" target=\"_blank\" rel=\"noopener\">Agenda in PDF format<\/a><\/p>\n<div class=\"table-responsive\">\n<table class=\"table table-condensed agenda\" border=\"0\" width=\"100%\" cellpadding=\"10\">\n<tbody>\n<tr>\n<td class=\"level0\" colspan=\"2\">09:00am \u2013 10:00am \u2013 REGISTRATION<\/td>\n<\/tr>\n<\/tbody>\n<\/table>\n<\/div>\n<div class=\"table-responsive\">\n<table class=\"table table-condensed agenda agenda\" border=\"0\" width=\"100%\" cellpadding=\"10\">\n<tbody>\n<tr>\n<td class=\"level0\" colspan=\"2\">10:00am \u2013 11:30am &#8211; PLENARY SESSION, 046<\/td>\n<\/tr>\n<tr>\n<td colspan=\"2\">Chairman:<\/p>\n<div style=\"width: 30%;margin-right: 3%\"><img decoding=\"async\" src=\"http:\/\/finiz.singidunum.ac.rs\/wp-content\/uploads\/2015\/11\/ZoranPetrovic.jpg\" alt=\"\" width=\"100\" \/><br \/>\nZoran Petrovi\u0107,\u00a0Full Professor at Singidunum University<\/div>\n<div style=\"width: 30%;margin-right: 3%\"><img decoding=\"async\" src=\"http:\/\/finiz.singidunum.ac.rs\/wp-content\/uploads\/2015\/11\/LidijaBarjaktarovic.jpg\" alt=\"\" width=\"100\" \/><br \/>\nLidija Barjaktarovi\u0107,\u00a0Associate Professor at Singidunum University<\/div>\n<div style=\"width: 30%;margin-right: 3%\"><img decoding=\"async\" src=\"http:\/\/finiz.singidunum.ac.rs\/wp-content\/uploads\/2015\/11\/KosanaVicentijevic.jpg\" alt=\"\" width=\"100\" \/><br \/>\nKosana Vi\u0107entijevi\u0107,\u00a0Associate Professor at Singidunum University<\/div>\n<\/td>\n<\/tr>\n<tr>\n<td><a href=\"http:\/\/finiz.singidunum.ac.rs\/en\/blog\/staffs\/milovan-stanisic\/\" target=\"_blank\" rel=\"noopener\"><img decoding=\"async\" src=\"http:\/\/finiz.singidunum.ac.rs\/wp-content\/uploads\/2015\/11\/MilovanStanisic.jpg\" alt=\"\" width=\"100\" \/><\/a><\/td>\n<td>Milovan Stani\u0161i\u0107,\u00a0President of Singidunum University<\/td>\n<\/tr>\n<tr>\n<td><a href=\"http:\/\/finiz.singidunum.ac.rs\/en\/blog\/staffs\/radoslav-sretenovic\/\" target=\"_blank\" rel=\"noopener\"><img decoding=\"async\" src=\"http:\/\/finiz.singidunum.ac.rs\/wp-content\/uploads\/2015\/11\/RadoslavSretenovic.jpg\" alt=\"\" width=\"100\" \/><\/a><\/td>\n<td>Radoslav Sretenovi\u0107, Dr\u017eavna revizorska institucija (DRI)<\/td>\n<\/tr>\n<tr>\n<td><a href=\"http:\/\/finiz.singidunum.ac.rs\/en\/blog\/staffs\/david-schoch\/\" target=\"_blank\" rel=\"noopener\"><img decoding=\"async\" src=\"http:\/\/finiz.singidunum.ac.rs\/wp-content\/uploads\/2015\/11\/DavidSchoch.jpg\" alt=\"\" width=\"100\" \/><\/a><\/td>\n<td>David Schock, Serbian Private Equity Association (SPEA)<\/td>\n<\/tr>\n<tr>\n<td><a href=\"http:\/\/finiz.singidunum.ac.rs\/en\/blog\/staffs\/bosko-vidakovic\/\" target=\"_blank\" rel=\"noopener\"><img decoding=\"async\" src=\"http:\/\/finiz.singidunum.ac.rs\/wp-content\/uploads\/2015\/11\/BoskoVidakovic.jpg\" alt=\"\" width=\"100\" \/><\/a><\/td>\n<td>Bo\u0161ko Vidakovi\u0107, Komora ovla\u0161\u0107enih revizora (KOR)<\/td>\n<\/tr>\n<tr>\n<td><a href=\"http:\/\/finiz.singidunum.ac.rs\/en\/blog\/staffs\/dragan-pesic\/\" target=\"_blank\" rel=\"noopener\"><img decoding=\"async\" src=\"http:\/\/finiz.singidunum.ac.rs\/wp-content\/uploads\/2015\/11\/DraganPesic.jpg\" alt=\"\" width=\"100\" \/><\/a><\/td>\n<td>Dragan Pe\u0161i\u0107, Udru\u017eenje internih revizora Srbije (UIRS)<\/td>\n<\/tr>\n<tr>\n<td><a href=\"http:\/\/finiz.singidunum.ac.rs\/en\/blog\/staffs\/marko-fabris\/\" target=\"_blank\" rel=\"noopener\"><img decoding=\"async\" src=\"http:\/\/finiz.singidunum.ac.rs\/wp-content\/uploads\/2015\/11\/MarkoFabris.jpg\" alt=\"\" width=\"100\" \/><\/a><\/td>\n<td>Marko Fabris, Turnaround Management Association (TMA) Serbia<\/td>\n<\/tr>\n<\/tbody>\n<\/table>\n<\/div>\n<div class=\"table-responsive\">\n<table class=\"table table-condensed agenda agenda\" border=\"0\" width=\"100%\" cellpadding=\"10\">\n<tbody>\n<tr>\n<td class=\"level0\" colspan=\"2\">12:00 pm \u2013 02:00 pm &#8211; PARALLEL SESSIONS<\/td>\n<\/tr>\n<\/tbody>\n<\/table>\n<\/div>\n<div class=\"table-responsive\">\n<table class=\"table table-condensed agenda agenda\" border=\"0\" width=\"100%\" cellpadding=\"10\">\n<tbody>\n<tr>\n<td class=\"level1\" colspan=\"2\">SESSION A \u2013 CONTEMPORARY FINANCIAL MANAGEMENT &#8211; SCIENTIFIC-RESEARCH PAPERS, 005<\/td>\n<\/tr>\n<tr>\n<td colspan=\"2\">Moderator:<br \/>\n<img decoding=\"async\" src=\"http:\/\/finiz.singidunum.ac.rs\/wp-content\/uploads\/2019\/02\/Finiz.jpg\" alt=\"\" width=\"100\" \/><br \/>\nNemanja Stani\u0161i\u0107, Associate Professor at Singidunum University<\/td>\n<\/tr>\n<tr>\n<td>Nemanja Stani\u0161i\u0107, Tijana Radojevi\u0107, Nenad Stani\u0107, Danica Rajin, The association between auditor switching and audit opinion in the Republic of Serbia<\/td>\n<\/tr>\n<tr>\n<td>Miroslav Trifunovi\u0107, Corporate Social Responsibility Today: Trends &amp; Challenges<\/td>\n<\/tr>\n<tr>\n<td>Piotr Luty, The effect of the capital structure of the company taking over on the goodwill or negative goodwill disclosed in the merging process<\/td>\n<\/tr>\n<tr>\n<td>E.Marinkovi\u0107, M.\u0160estovi\u0107, The challenges of internal audit in Contemporary Financial Management<\/td>\n<\/tr>\n<tr>\n<td>Adelina Dumitrescu-Peculea, Razvan Ion Chitescu, The role of the Decision Support Systems (DSS) in the optimization of public institutions management<\/td>\n<\/tr>\n<tr>\n<td>Dr. Hristo Rashkov Mavrudiev, UNWE, Public interest end public oversight in work of auditors \u2013 Bulgarian experience<\/td>\n<\/tr>\n<\/tbody>\n<\/table>\n<\/div>\n<div class=\"table-responsive\">\n<table class=\"table table-condensed agenda\" border=\"0\" width=\"100%\" cellpadding=\"10\">\n<tbody>\n<tr>\n<td class=\"level1\" colspan=\"2\">SESSION B &#8211; CHALLENGES OF MANAGING NON-PERFORMING LOANS AND DEBT COLLECTION, 018<\/td>\n<\/tr>\n<tr>\n<td colspan=\"2\">Moderator:<br \/>\n<img decoding=\"async\" src=\"http:\/\/finiz.singidunum.ac.rs\/wp-content\/uploads\/2015\/11\/LidijaBarjaktarovic.jpg\" alt=\"\" width=\"100\" \/><br \/>\nLidija Barjaktarovi\u0107, Associate Professor at Singidunum University<\/td>\n<\/tr>\n<tr>\n<td><img decoding=\"async\" src=\"http:\/\/finiz.singidunum.ac.rs\/wp-content\/uploads\/2015\/11\/MarkoFabris.jpg\" alt=\"\" width=\"100\" \/><\/td>\n<td>Marko Fabris, TMA<\/td>\n<\/tr>\n<tr>\n<td><img decoding=\"async\" src=\"http:\/\/finiz.singidunum.ac.rs\/wp-content\/uploads\/2015\/11\/DanijelaIlic.jpg\" alt=\"\" width=\"100\" \/><\/td>\n<td>Danijela Ili\u0107, predsednica Nacionalnog udru\u017eenja procenitelja Srbije<\/td>\n<\/tr>\n<tr>\n<td><img decoding=\"async\" src=\"http:\/\/finiz.singidunum.ac.rs\/wp-content\/uploads\/2015\/11\/AleksandarVasilski.jpg\" alt=\"\" width=\"100\" \/><\/td>\n<td>Aleksandar Vasilski, Valor group<\/td>\n<\/tr>\n<tr>\n<td><img decoding=\"async\" src=\"http:\/\/finiz.singidunum.ac.rs\/wp-content\/uploads\/2015\/11\/DjokaJanjusevic.jpg\" alt=\"\" width=\"100\" \/><\/td>\n<td>\u0110oka Janju\u0161evi\u0107, Centar za fin.inteligenciju, i osniva\u010d Udru\u017eenja finansijskih direktora Srbije<\/td>\n<\/tr>\n<tr>\n<td><img decoding=\"async\" src=\"http:\/\/finiz.singidunum.ac.rs\/wp-content\/uploads\/2015\/11\/VladimirPajovic.jpg\" alt=\"\" width=\"100\" \/><\/td>\n<td>Vladimir Pajovi\u0107,\u010dlan IO Sber banke<\/td>\n<\/tr>\n<tr>\n<td><img decoding=\"async\" src=\"http:\/\/finiz.singidunum.ac.rs\/wp-content\/uploads\/2015\/11\/AleksandarRadoicic.jpg\" alt=\"\" width=\"100\" \/><\/td>\n<td>Aleksandar Radoi\u010di\u0107,Smartwave<\/td>\n<\/tr>\n<\/tbody>\n<\/table>\n<\/div>\n<div class=\"table-responsive\">\n<table class=\"table table-condensed agenda\" border=\"0\" width=\"100%\" cellpadding=\"10\">\n<tbody>\n<tr>\n<td class=\"level1\" colspan=\"2\">SESSION C &#8211; INTERNAL AUDIT- CONTINUING EDUCATION FOR INTERNAL AUDITORS (Singidunum University in cooperation with the Institute of Internal Auditors), 047<\/td>\n<\/tr>\n<tr>\n<td colspan=\"2\">Moderatori:<\/p>\n<div style=\"width: 40%;margin-right: 5%\">\n<p><img decoding=\"async\" src=\"http:\/\/finiz.singidunum.ac.rs\/wp-content\/uploads\/2015\/11\/KosanaVicentijevic.jpg\" alt=\"\" width=\"100\" \/><\/p>\n<p>Kosana Vi\u0107entijevi\u0107, Associate Professor at Singidunum University<\/p>\n<\/div>\n<div style=\"width: 40%\">\n<p><img decoding=\"async\" src=\"http:\/\/finiz.singidunum.ac.rs\/wp-content\/uploads\/2015\/11\/MiraVukovic.jpg\" alt=\"\" width=\"100\" \/><\/p>\n<p>Mira Vukovi\u0107, UIRS<\/p>\n<\/div>\n<\/td>\n<\/tr>\n<tr>\n<td><img decoding=\"async\" src=\"http:\/\/finiz.singidunum.ac.rs\/wp-content\/uploads\/2015\/11\/MirjanaBogicevic.jpg\" alt=\"\" width=\"100\" \/><\/td>\n<td>Mirjana Bogi\u0107evi\u0107, Strate\u0161ko planiranje<\/td>\n<\/tr>\n<tr>\n<td><img decoding=\"async\" src=\"http:\/\/finiz.singidunum.ac.rs\/wp-content\/uploads\/2015\/11\/DraganPesic.jpg\" alt=\"\" width=\"100\" \/><\/td>\n<td>Dragan Pe\u0161i\u0107, Interna revizija u bankama<\/td>\n<\/tr>\n<tr>\n<td><img decoding=\"async\" src=\"http:\/\/finiz.singidunum.ac.rs\/wp-content\/uploads\/2015\/11\/NemanjaKrstic.jpg\" alt=\"\" width=\"100\" \/><\/td>\n<td>Nemanja Krsti\u0107, Izvr\u0161ni rukovodilac interne revizije nove generacije<\/td>\n<\/tr>\n<tr>\n<td><img decoding=\"async\" src=\"http:\/\/finiz.singidunum.ac.rs\/wp-content\/uploads\/2015\/11\/OlgaAntic.jpg\" alt=\"\" width=\"100\" \/><\/td>\n<td>Olga Anti\u0107, Vreme je da se razgovara o riziku<\/td>\n<\/tr>\n<tr>\n<td><img decoding=\"async\" src=\"http:\/\/finiz.singidunum.ac.rs\/wp-content\/uploads\/2015\/11\/JelenaRunic.jpg\" alt=\"\" width=\"100\" \/><\/td>\n<td>Jelena Runi\u0107, Interne kontrole &#8211; uloga i zna\u010daj<\/td>\n<\/tr>\n<\/tbody>\n<\/table>\n<\/div>\n<div class=\"table-responsive\">\n<table class=\"table table-condensed agenda\" border=\"0\" width=\"100%\" cellpadding=\"10\">\n<tbody>\n<tr>\n<td class=\"level1\" colspan=\"2\">SESSION D &#8211; ACCOUNTING AND AUDIT- OPEN DISCUSSION, THEORY AND PRACTICE (Singidunum University in cooperation with the Chamber of Authorized Auditors), 046<\/td>\n<\/tr>\n<tr>\n<td colspan=\"2\">Moderatori:<\/p>\n<div style=\"width: 40%;margin-right: 5%\">\n<p><img decoding=\"async\" src=\"http:\/\/finiz.singidunum.ac.rs\/wp-content\/uploads\/2015\/11\/ZoranPetrovic.jpg\" alt=\"\" width=\"100\" \/><\/p>\n<p>Zoran Petrovi\u0107, Full Professor at Singidunum University<\/p>\n<\/div>\n<div style=\"width: 40%\">\n<p><img decoding=\"async\" src=\"http:\/\/finiz.singidunum.ac.rs\/wp-content\/uploads\/2015\/11\/BojanRados.jpg\" alt=\"\" width=\"100\" \/><\/p>\n<p>Bojan Rado\u0161, KOR<\/p>\n<\/div>\n<\/td>\n<\/tr>\n<tr>\n<td><img decoding=\"async\" src=\"http:\/\/finiz.singidunum.ac.rs\/wp-content\/uploads\/2015\/11\/RadoslavSretenovic.jpg\" alt=\"\" width=\"100\" \/><\/td>\n<td>Radoslav Sretenovi\u0107, Ljubica Jankovi\u0107 Andrijevi\u0107, ZNA\u010cAJ REVIZIJE JAVNOG SEKTORA ZA EFIKASNO UPRAVLjANjE JAVNIM FINANSIJAMA<\/td>\n<\/tr>\n<tr>\n<td><img decoding=\"async\" src=\"http:\/\/finiz.singidunum.ac.rs\/wp-content\/uploads\/2015\/11\/ZoranPetrovic.jpg\" alt=\"\" width=\"100\" \/><\/td>\n<td>Milovan Stani\u0161i\u0107, Zoran Petrovi\u0107, Kosana Vi\u0107entijevi\u0107, Istrazivanje nepravilnosti u obracunu amortizacije stalnih sredstava u Republici Srbiji<\/td>\n<\/tr>\n<tr>\n<td><img decoding=\"async\" src=\"http:\/\/finiz.singidunum.ac.rs\/wp-content\/uploads\/2015\/11\/BojanRados.jpg\" alt=\"\" width=\"100\" \/><\/td>\n<td>Bojan Rado\u0161, Eksterna ocena kvaliteta za aktivnosti interne revizije i njen doprinos korporativnom poslovanju<\/td>\n<\/tr>\n<tr>\n<td><img decoding=\"async\" src=\"http:\/\/finiz.singidunum.ac.rs\/wp-content\/uploads\/2015\/11\/DanijelaTanicZafirovic.jpg\" alt=\"\" width=\"100\" \/><\/td>\n<td>Danijela Tani\u0107 Zafirovi\u0107, Znacaj Uprave za sprecavanje pranja novca<\/td>\n<\/tr>\n<tr>\n<td><img decoding=\"async\" src=\"http:\/\/finiz.singidunum.ac.rs\/wp-content\/uploads\/2015\/11\/MilanNegovanovic.jpg\" alt=\"\" width=\"100\" \/><\/td>\n<td>Milan Negovanovi\u0107, KRITI\u010cKI OSVRT NA PROPISE O TRANSFERNIM CENAMA U SRBIJI<\/td>\n<\/tr>\n<tr>\n<td><img decoding=\"async\" src=\"http:\/\/finiz.singidunum.ac.rs\/wp-content\/uploads\/2015\/11\/DraganMiletic.jpg\" alt=\"\" width=\"100\" \/><\/td>\n<td>Dragan Mileti\u0107, STRATEGIJE UPRAVLJANJA GOTOVINOM KAO DOBRA PRAKSA U GLOBALNOM POSLOVANJU<\/td>\n<\/tr>\n<tr>\n<td><img decoding=\"async\" src=\"http:\/\/finiz.singidunum.ac.rs\/wp-content\/uploads\/2015\/11\/DragutinDragojevic.jpg\" alt=\"\" width=\"100\" \/><\/td>\n<td>D.Dragojevi\u0107, T.Miljevi\u0107, SPECIFI\u010cNO UPRAVLJA\u010cKO RA\u010cUNOVODSTVO ZA MIKRO, MALA I SREDNJA PREDUZECA<\/td>\n<\/tr>\n<tr>\n<td><img decoding=\"async\" src=\"http:\/\/finiz.singidunum.ac.rs\/wp-content\/uploads\/2015\/11\/ZoricaKrnjevicMiskovic.jpg\" alt=\"\" width=\"100\" \/><\/td>\n<td>Zorica Krnjevi\u0107 Mi\u0161kovi\u0107, Uloga revizije u odr\u017eivom razvoju tr\u017ei\u0161ta kapitala<\/td>\n<\/tr>\n<\/tbody>\n<\/table>\n<\/div>\n<div class=\"table-responsive\">\n<table class=\"table table-condensed agenda\" border=\"0\" width=\"100%\" cellpadding=\"10\">\n<tbody>\n<tr>\n<td class=\"level1\" colspan=\"2\">SESSION E &#8211; SOFTWARE SUPPORT TO INVESTORS, 016<\/td>\n<\/tr>\n<tr>\n<td colspan=\"2\">Moderatori:<\/p>\n<div style=\"width: 40%;margin-right: 5%\">\n<p><img decoding=\"async\" src=\"http:\/\/finiz.singidunum.ac.rs\/wp-content\/uploads\/2015\/11\/MarkoSarac.jpg\" alt=\"\" width=\"100\" \/><\/p>\n<p>Marko \u0160arac,\u00a0Assistant\u00a0Professor at Singidunum University<\/p>\n<\/div>\n<div style=\"width: 40%\">\n<p><img decoding=\"async\" src=\"http:\/\/finiz.singidunum.ac.rs\/wp-content\/uploads\/2015\/11\/NadaArezina.jpg\" alt=\"\" width=\"100\" \/><\/p>\n<p>mr Nada Are\u017eina, Teaching Assistent at Singidunum University<\/p>\n<\/div>\n<\/td>\n<\/tr>\n<tr>\n<td><img decoding=\"async\" src=\"http:\/\/finiz.singidunum.ac.rs\/wp-content\/uploads\/2015\/11\/PantheonDatalab.jpg\" alt=\"\" width=\"100\" \/><\/td>\n<td>Nenad Radakovi\u0107, Datalab, Pantheon<\/td>\n<\/tr>\n<tr>\n<td><img decoding=\"async\" src=\"http:\/\/finiz.singidunum.ac.rs\/wp-content\/uploads\/2015\/11\/CIF.jpg\" alt=\"\" width=\"100\" \/><\/td>\n<td>Milo\u0161 Talijan, CIF, Head of Risk Consulting Department<\/td>\n<\/tr>\n<\/tbody>\n<\/table>\n<\/div>\n<div class=\"table-responsive\">\n<table class=\"table table-condensed agenda\" border=\"0\" width=\"100%\" cellpadding=\"10\">\n<tbody>\n<tr>\n<td class=\"level1\">SESSION F &#8211; STUDENT PAPERS AND ACHIEVEMENTS, 004<\/td>\n<\/tr>\n<tr>\n<td colspan=\"2\">Moderator:<br \/>\n<img decoding=\"async\" src=\"http:\/\/finiz.singidunum.ac.rs\/wp-content\/uploads\/2015\/11\/TijanaRadojevic.jpg\" alt=\"\" width=\"100\" \/><br \/>\nTijana Radojevi\u0107, Associate Professor at Singidunum University<\/td>\n<\/tr>\n<tr>\n<td>Biljana Ru\u017ei\u010di\u0107, Upravljanje deviznim rizikom na primeru stabmenih kredita denominiranih u \u0161vajcarskim francima<\/td>\n<\/tr>\n<tr>\n<td>Lidija Barjaktarovi\u0107, Renata Pind\u017eo, K.\u0110uli\u0107, Ana Vjetrov, Analysis of capital budgeting techniques implemented by small and medium sized companies in Serbia<\/td>\n<\/tr>\n<tr>\n<td>Katarina Kostadinovi\u0107, Analiza sadr\u017eaja primenom Watson analiti\u010dkog sistema studija slu\u010daja: nova linija prozizvoda u proizvodnji vina<\/td>\n<\/tr>\n<tr>\n<td>Du\u0161an Perovi\u0107, Zloupotreba dominantnog polo\u017eaja na primeru kompanije <i>Michelin<\/i><\/td>\n<\/tr>\n<tr>\n<td>Marko Milojevi\u0107, Lidija Barjaktarovi\u0107, Zlatomir Milo\u0161ev, ANALIZA VARIJANSI REZULTATA PROIZVODNE KOMPANIJE<\/td>\n<\/tr>\n<tr>\n<td>Nino Veskovi\u0107, Podsticaj i razvoj preduzetni\u0161tva u Republici Srbiji<\/td>\n<\/tr>\n<tr>\n<td>Darko Mandi\u0107, BEUM, Preduzetni\u0161tvo kao nauka o dodatoj vrednosti<\/td>\n<\/tr>\n<tr>\n<td>Svetozar Mlad\u017ei\u0107, Model neformalnog obrazovanja &#8211; Bloomberg BAT test<\/td>\n<\/tr>\n<tr>\n<td>Univerzitet Singidunum, Poslovni fakultet u Valjevu &#8211; Poslovni inkubator<\/td>\n<\/tr>\n<\/tbody>\n<\/table>\n<\/div>\n<div class=\"table-responsive\">\n<table class=\"table table-condensed agenda\" border=\"0\" width=\"100%\" cellpadding=\"10\">\n<tbody>\n<tr>\n<td class=\"level1\">SESSION G &#8211; ACCOUNTING AND AUDIT &#8211; SCIENTIFIC-RESEARCH PAPERS, 015<\/td>\n<\/tr>\n<tr>\n<td colspan=\"2\">Moderator:<br \/>\n<img decoding=\"async\" src=\"http:\/\/finiz.singidunum.ac.rs\/wp-content\/uploads\/2015\/11\/GorankaKnezevic.jpg\" alt=\"\" width=\"100\" \/><br \/>\nGoranka Kne\u017eevi\u0107, Associate Professor at Singidunum University<\/td>\n<\/tr>\n<tr>\n<td>Goranka Knezevi\u0107, IFRS 9 and implications of &#8220;management intent vs. business model criteria&#8221; on quality of accounting information<\/td>\n<\/tr>\n<tr>\n<td>I. Zdravkovski, M.Andonovski, B. Sokoloski, FINANCIAL REPORTING &#8211; KEY TO SUCCESS IN THE BUDGET AND PUBLIC SECTOR IN THE REPUBLIC OF MACEDONIA<\/td>\n<\/tr>\n<tr>\n<td>Borka Sokoloski, Igor Zdravkovski, Business Analysis Through the Concept of Tree Directions &#8211; Confirmed Quality in Operations and Financial Reporting<\/td>\n<\/tr>\n<tr>\n<td>Jozefina Beke \u2013 Trivunac, Koncept materijalnosti sa stanovi\u0161ta finansijskog i nefinansijskog izve\u0161tavanja<\/td>\n<\/tr>\n<tr>\n<td>Mali\u0161a \u017di\u017eovi\u0107, N. Damljanovi\u0107, Komentar formule za nivo rizika<\/td>\n<\/tr>\n<tr>\n<td>Rada Stojanovi\u0107, Profesionalna etika kao imperative pouzdanosti finansijskog izve\u0161tavanja<\/td>\n<\/tr>\n<tr>\n<td>Bla\u017eenka Hadrovi\u0107 Zeki\u0107, Karlo Lukic, Analiza modela slabljenja poslovanja kroz modele \u017eivotnog ciklusa poduze\u0107a: Pregled literature<\/td>\n<\/tr>\n<\/tbody>\n<\/table>\n<\/div>\n<div class=\"table-responsive\">\n<table class=\"table table-condensed agenda\" border=\"0\" width=\"100%\" cellpadding=\"10\">\n<tbody>\n<tr>\n<td class=\"level1\">SESSION H &#8211; CHALLENGES OF GLOBAL FINANCIAL MANAGEMENT, 001<\/td>\n<\/tr>\n<tr>\n<td colspan=\"2\">Moderator:<br \/>\n<img decoding=\"async\" src=\"http:\/\/finiz.singidunum.ac.rs\/wp-content\/uploads\/2015\/11\/ZoranJeremic.jpg\" alt=\"\" width=\"100\" \/><br \/>\nZoran Jeremi\u0107, Full Professor at Singidunum University<\/td>\n<\/tr>\n<tr>\n<td>V.Mirkovi\u0107, Primena pokazatelja likvidnosti u procesu upravljanja rizikom u bankama<\/td>\n<\/tr>\n<tr>\n<td>Ivica Terzi\u0107, Zoran Jeremi\u0107, Marko Milojevi\u0107, Metode validacije modela za merenje tr\u017ei\u0161nog rizika \u2013 <i>Backtesting<\/i><\/td>\n<\/tr>\n<tr>\n<td>Marija Kne\u017eevi\u0107, Uticaj Bazelskih standarda na finansijsko upravljanje: slu\u010daj Srbije<\/td>\n<\/tr>\n<tr>\n<td>Miroljub Risti\u0107, Funcionisanje Beogradske berze<\/td>\n<\/tr>\n<tr>\n<td>Ana Jolovic, Finansiranje &#8211; najve\u0107i problem doma\u0107e privrede<\/td>\n<\/tr>\n<\/tbody>\n<\/table>\n<\/div>\n<div class=\"table-responsive\">\n<table class=\"table table-condensed agenda\" border=\"0\" width=\"100%\" cellpadding=\"10\">\n<tbody>\n<tr>\n<td class=\"level0\" colspan=\"2\">02:30 pm \u2013 03:00 pm &#8211; CLOSING CEREMONY, 046<\/td>\n<\/tr>\n<\/tbody>\n<\/table>\n<\/div>\n","protected":false},"excerpt":{"rendered":"<p>Agenda in PDF format 09:00am \u2013 10:00am \u2013 REGISTRATION 10:00am \u2013 11:30am &#8211; PLENARY SESSION, 046 Chairman: Zoran Petrovi\u0107,\u00a0Full Professor at Singidunum University Lidija Barjaktarovi\u0107,\u00a0Associate Professor at Singidunum University Kosana Vi\u0107entijevi\u0107,\u00a0Associate Professor at Singidunum University Milovan Stani\u0161i\u0107,\u00a0President of Singidunum University Radoslav Sretenovi\u0107, Dr\u017eavna revizorska institucija (DRI) David Schock, Serbian Private Equity Association (SPEA) Bo\u0161ko Vidakovi\u0107,&#8230;<\/p>\n","protected":false},"author":1,"featured_media":0,"parent":0,"menu_order":0,"comment_status":"closed","ping_status":"closed","template":"","meta":{"footnotes":""},"class_list":["post-153","page","type-page","status-publish","hentry"],"acf":[],"_links":{"self":[{"href":"https:\/\/finiz.singidunum.ac.rs\/en\/wp-json\/wp\/v2\/pages\/153","targetHints":{"allow":["GET"]}}],"collection":[{"href":"https:\/\/finiz.singidunum.ac.rs\/en\/wp-json\/wp\/v2\/pages"}],"about":[{"href":"https:\/\/finiz.singidunum.ac.rs\/en\/wp-json\/wp\/v2\/types\/page"}],"author":[{"embeddable":true,"href":"https:\/\/finiz.singidunum.ac.rs\/en\/wp-json\/wp\/v2\/users\/1"}],"replies":[{"embeddable":true,"href":"https:\/\/finiz.singidunum.ac.rs\/en\/wp-json\/wp\/v2\/comments?post=153"}],"version-history":[{"count":20,"href":"https:\/\/finiz.singidunum.ac.rs\/en\/wp-json\/wp\/v2\/pages\/153\/revisions"}],"predecessor-version":[{"id":635,"href":"https:\/\/finiz.singidunum.ac.rs\/en\/wp-json\/wp\/v2\/pages\/153\/revisions\/635"}],"wp:attachment":[{"href":"https:\/\/finiz.singidunum.ac.rs\/en\/wp-json\/wp\/v2\/media?parent=153"}],"curies":[{"name":"wp","href":"https:\/\/api.w.org\/{rel}","templated":true}]}}