{"id":1538,"date":"2025-11-14T11:29:47","date_gmt":"2025-11-14T11:29:47","guid":{"rendered":"https:\/\/finiz.singidunum.ac.rs\/en\/?page_id=1538"},"modified":"2025-11-17T08:16:04","modified_gmt":"2025-11-17T08:16:04","slug":"review-committee-2025","status":"publish","type":"page","link":"https:\/\/finiz.singidunum.ac.rs\/en\/review-committee-2025\/","title":{"rendered":"Review Committee 2025"},"content":{"rendered":"\n<ul class=\"wp-block-list\">\n<li>Aleksandar \u0110or\u0111evi\u0107, Singidunum University<\/li>\n\n\n\n<li>Ana Obradovi\u0107, Singidunum University<\/li>\n\n\n\n<li>Ana Radulovi\u0107, Singidunum University<\/li>\n\n\n\n<li>Bla\u017eenka Hadrovi\u0107 Zeki\u0107, Faculty of Economics in Osjek, Croatia<\/li>\n\n\n\n<li>Dejan Molnar, Faculty of Economics and Business, University of Belgrade<\/li>\n\n\n\n<li>Goran Avlija\u0161, Singidunum University<\/li>\n\n\n\n<li>Goranka Kne\u017eevi\u0107, Singidunum University<\/li>\n\n\n\n<li>Grzegorz Michalski, School of Management, Computer Science and Finance, Wroclaw University of Economics, Poland<\/li>\n\n\n\n<li>Ivica Terzi\u0107, Singidunum University<\/li>\n\n\n\n<li>Jasmina Gr\u017eini\u0107, Juraj Dobrila University of Pula, Faculty of Economics and Tourism \u201cDr. Mijo Mirkovi\u0107\u201d, Croatia<\/li>\n\n\n\n<li>Jelena Gaji\u0107, Singidunum University<\/li>\n\n\n\n<li>Lazar Dra\u017eeta, Singidunum University<\/li>\n\n\n\n<li>Lidija Barjaktarovi\u0107, Singidunum University<\/li>\n\n\n\n<li>Maja Kljaji\u0107, Singidunum University<\/li>\n\n\n\n<li>Marko Milojevi\u0107, Singidunum University<\/li>\n\n\n\n<li>Milena Jak\u0161i\u0107, Faculty of Economics, University of Kragujevac<\/li>\n\n\n\n<li>Milena Rikalovi\u0107, Singidunum University<\/li>\n\n\n\n<li>Milo\u0161 Petkovi\u0107, Singidunum University<\/li>\n\n\n\n<li>Neboj\u0161a Ba\u010danin-D\u017eakula, Singidunum University<\/li>\n\n\n\n<li>Piotr Luty, Wroclaw University of Economics and Business, Poland<\/li>\n\n\n\n<li>Rajmund Mirdala, Faculty of Economics, Technical University of Kosice, Slovak Republic<\/li>\n\n\n\n<li>Sanja Filipovi\u0107, Singidunum University<\/li>\n\n\n\n<li>Slavko Al\u010dakovi\u0107, Singidunum University<\/li>\n\n\n\n<li>Sne\u017eana Kne\u017eevi\u0107, Faculty Organisation Science, University of Belgrade<\/li>\n\n\n\n<li>Tijana Kali\u010danin, Singidunum University<\/li>\n\n\n\n<li>Vladan Pavlovi\u0107, University of Pri\u0161tina (temporarly settled in K.Mitrovica), Faculty of Economics<\/li>\n\n\n\n<li>Vladimir Poznani\u0107, FEFA Belgrade<\/li>\n\n\n\n<li>Vojislav Marjanovi\u0107, SAP University &amp; Academic Competence Centers \u2013 SAP Academic Competence Center, Sierre, Switzerland<\/li>\n\n\n\n<li>Vuk Gaji\u0107, Singidunum University<\/li>\n\n\n\n<li>Vule Mizdrakovi\u0107, Singidunum University<\/li>\n\n\n\n<li>Zoran Petrovi\u0107, Singidunum University<\/li>\n<\/ul>\n","protected":false},"excerpt":{"rendered":"","protected":false},"author":3,"featured_media":0,"parent":0,"menu_order":0,"comment_status":"closed","ping_status":"closed","template":"","meta":{"footnotes":""},"class_list":["post-1538","page","type-page","status-publish","hentry"],"acf":[],"_links":{"self":[{"href":"https:\/\/finiz.singidunum.ac.rs\/en\/wp-json\/wp\/v2\/pages\/1538","targetHints":{"allow":["GET"]}}],"collection":[{"href":"https:\/\/finiz.singidunum.ac.rs\/en\/wp-json\/wp\/v2\/pages"}],"about":[{"href":"https:\/\/finiz.singidunum.ac.rs\/en\/wp-json\/wp\/v2\/types\/page"}],"author":[{"embeddable":true,"href":"https:\/\/finiz.singidunum.ac.rs\/en\/wp-json\/wp\/v2\/users\/3"}],"replies":[{"embeddable":true,"href":"https:\/\/finiz.singidunum.ac.rs\/en\/wp-json\/wp\/v2\/comments?post=1538"}],"version-history":[{"count":2,"href":"https:\/\/finiz.singidunum.ac.rs\/en\/wp-json\/wp\/v2\/pages\/1538\/revisions"}],"predecessor-version":[{"id":1545,"href":"https:\/\/finiz.singidunum.ac.rs\/en\/wp-json\/wp\/v2\/pages\/1538\/revisions\/1545"}],"wp:attachment":[{"href":"https:\/\/finiz.singidunum.ac.rs\/en\/wp-json\/wp\/v2\/media?parent=1538"}],"curies":[{"name":"wp","href":"https:\/\/api.w.org\/{rel}","templated":true}]}}