{"id":237,"date":"2016-05-30T06:47:03","date_gmt":"2016-05-30T06:47:03","guid":{"rendered":"http:\/\/finiz.singidunum.ac.rs\/en\/?page_id=237"},"modified":"2017-11-25T07:22:48","modified_gmt":"2017-11-25T07:22:48","slug":"scientific-committee-2016","status":"publish","type":"page","link":"https:\/\/finiz.singidunum.ac.rs\/en\/scientific-committee-2016\/","title":{"rendered":"Scientific Committee"},"content":{"rendered":"<table>\n<tbody>\n<tr>\n<td style=\"vertical-align: top;\" valign=\"top\" width=\"50%\">\n<ul style=\"vertical-align: top;\">\n<li>Milovan Stani\u0161i\u0107, Singidunum University, President of Singidunum University and Chairman of the Conference Committee<\/li>\n<li>Mladen Veinovi\u0107, Singidunum University, rector of Singidunum University and Deputy Chairman of the Conference Committee<\/li>\n<li>Zoran Petrovi\u0107, Singidunum University<\/li>\n<li>Du\u0161an Vujovi\u0107, Faculty of Economics, Finance and Administration in Belgrade, Singidunum University<\/li>\n<li>Goranka Kne\u017eevi\u0107, Singidunum University<\/li>\n<li>Ivica Terzi\u0107, Singidunum University<\/li>\n<li>Katarina \u0110uli\u0107, Faculty of Economics, Finance and Administration in Belgrade, Singidunum University<\/li>\n<li>Kosana Vi\u0107entijevi\u0107, Singidunum University<\/li>\n<li>Lidija Barjaktarovi\u0107, Singidunum University<\/li>\n<li>Marko Milojevi\u0107, Singidunum University<\/li>\n<li>Miroljub Had\u017ei\u0107, Singidunum University<\/li>\n<li>Nemanja Stani\u0161i\u0107, Singidunum University<\/li>\n<li>Nikola Stefanovi\u0107, Singidunum University<\/li>\n<li>Olivera Nikoli\u0107, Singidunum University<\/li>\n<li>Predrag Vukadinovi\u0107, Singidunum University<\/li>\n<li>Svetlana Stani\u0161i\u0107, Singidunum University<\/li>\n<li>Tijana Radojevi\u0107, Singidunum University<\/li>\n<li>Vladimir Poznani\u0107, Faculty of Economics, Finance and Administration in Belgrade, Singidunum University<\/li>\n<li>Vule Mizdrakovi\u0107, Singidunum University<\/li>\n<li>Zoran Jeremi\u0107, Singidunum University<\/li>\n<li>Zoran Jovi\u0107, Singidunum University<\/li>\n<\/ul>\n<\/td>\n<td style=\"vertical-align: top;\" valign=\"top\" width=\"50%\">\n<ul style=\"vertical-align: top;\">\n<li>Bla\u017eenka Hadrovi\u0107 Zeki\u0107, Faculty of Economics in Osjek, Croatia<\/li>\n<li>Elena Druica, Head of the Department of Economic and Administrative Sciences, Faculty of Administration and Business, University of Bucharest, Romania<\/li>\n<li>Grzegorz Michalski, School of Management, Computer Science and Finance, Wroclaw University of Economics, Poland<\/li>\n<li>Igor Zdravkovski, Faculty of Economics Prilep Macedonia<\/li>\n<li>Ivona Vrdoljak Ragu\u017e, Head of the Department of Economics and Business, University of Dubrovnik, Dubrovnik, Croatia<\/li>\n<li>Jasmina Lon\u010dar &#8211; Gr\u017eini\u0107, Sveu\u010dili\u0161te Juraj Dobrila u Puli, Faculty of Economics and Tourism &#8220;Mijo Mirkovic&#8221; Pula, Croatia<\/li>\n<li>Kent Hother Nielsen Lillebaelt Academy, University of Applied Sciences, Denmark<\/li>\n<li>Marko Ho\u010devar, Faculty of Economics, University of Ljubljana, Ljubljana, Slovenija<\/li>\n<li>Neda Vitezi\u0107, Faculty of Economics in Rijeka, University of Rijeka, Rijeka, Croatia<\/li>\n<li>Piotr M. Jaworsky, The Business School of Management &#8211; Edinburgh Napier University Great Britain<\/li>\n<li>Rajmund Mirdala, Faculty of Economics, Technical University of Kosice, Slovak Republic<\/li>\n<li>Slavko Lo\u0161i\u0107, Faculty of Business Economics, University Sinergija, Bijeljina, Republic of Srpska<\/li>\n<li>Stefania Vignini, Department of Management University of Bologna, Italy<\/li>\n<li>Tatjana Jovanovi\u0107, Faculty of Administration, University of Ljubljana, Ljubljana, Slovenia<\/li>\n<li>Vojislav Marjanovi\u0107, SAP University &amp; Academic Competence Centers \u2013 SAP Academic Competence Center Sierre, Switzerland, Sierre, Switzerland<\/li>\n<li>Xu Dan, Sanda University Shanghai, China<\/li>\n<\/ul>\n<\/td>\n<\/tr>\n<\/tbody>\n<\/table>\n","protected":false},"excerpt":{"rendered":"<p>Milovan Stani\u0161i\u0107, Singidunum University, President of Singidunum University and Chairman of the Conference Committee Mladen Veinovi\u0107, Singidunum University, rector of Singidunum University and Deputy Chairman of the Conference Committee Zoran Petrovi\u0107, Singidunum University Du\u0161an Vujovi\u0107, Faculty of Economics, Finance and Administration in Belgrade, Singidunum University Goranka Kne\u017eevi\u0107, Singidunum University Ivica Terzi\u0107, Singidunum University Katarina \u0110uli\u0107,&#8230;<\/p>\n","protected":false},"author":1,"featured_media":0,"parent":0,"menu_order":0,"comment_status":"closed","ping_status":"closed","template":"","meta":{"footnotes":""},"class_list":["post-237","page","type-page","status-publish","hentry"],"acf":[],"_links":{"self":[{"href":"https:\/\/finiz.singidunum.ac.rs\/en\/wp-json\/wp\/v2\/pages\/237","targetHints":{"allow":["GET"]}}],"collection":[{"href":"https:\/\/finiz.singidunum.ac.rs\/en\/wp-json\/wp\/v2\/pages"}],"about":[{"href":"https:\/\/finiz.singidunum.ac.rs\/en\/wp-json\/wp\/v2\/types\/page"}],"author":[{"embeddable":true,"href":"https:\/\/finiz.singidunum.ac.rs\/en\/wp-json\/wp\/v2\/users\/1"}],"replies":[{"embeddable":true,"href":"https:\/\/finiz.singidunum.ac.rs\/en\/wp-json\/wp\/v2\/comments?post=237"}],"version-history":[{"count":13,"href":"https:\/\/finiz.singidunum.ac.rs\/en\/wp-json\/wp\/v2\/pages\/237\/revisions"}],"predecessor-version":[{"id":442,"href":"https:\/\/finiz.singidunum.ac.rs\/en\/wp-json\/wp\/v2\/pages\/237\/revisions\/442"}],"wp:attachment":[{"href":"https:\/\/finiz.singidunum.ac.rs\/en\/wp-json\/wp\/v2\/media?parent=237"}],"curies":[{"name":"wp","href":"https:\/\/api.w.org\/{rel}","templated":true}]}}