{"id":262,"date":"2016-06-27T10:47:47","date_gmt":"2016-06-27T10:47:47","guid":{"rendered":"http:\/\/finiz.singidunum.ac.rs\/en\/?page_id=262"},"modified":"2017-04-18T12:07:53","modified_gmt":"2017-04-18T12:07:53","slug":"programme-committee","status":"publish","type":"page","link":"https:\/\/finiz.singidunum.ac.rs\/en\/programme-committee\/","title":{"rendered":"Programme Committee"},"content":{"rendered":"<table>\n<tbody>\n<tr>\n<td style=\"vertical-align: top\" width=\"50%\">\n<ul>\n<li>Milovan Stani\u0161i\u0107, Singidunum University, president of Singidunum University and Chairman of the Conference Committee<\/li>\n<li>Mladen Veinovi\u0107, Singidunum University, rector of Singidunum University and Deputy Chairman of the Conference Committee<\/li>\n<li>Zoran Petrovi\u0107, Singidunum University<\/li>\n<li>Dalibor Radovanovi\u0107, Singidunum University<\/li>\n<li>Goran Kunjadi\u0107, Singidunum University<\/li>\n<li>Goranka Kne\u017eevi\u0107, Singidunum University<\/li>\n<li>Ivica Terzi\u0107, Singidunum University<\/li>\n<li>Kosana Vi\u0107entijevi\u0107, Singidunum University<\/li>\n<li>Lidija Barjaktarovi\u0107, Singidunum University<\/li>\n<li>Marko Milojevi\u0107, Singidunum University<\/li>\n<li>Mile Stani\u0161i\u0107, Singidunum University<\/li>\n<li>Miroljub Had\u017ei\u0107, Singidunum University<\/li>\n<li>Nemanja Stani\u0161i\u0107, Singidunum University<\/li>\n<li>Nikola Stefanovi\u0107, Singidunum University<\/li>\n<li>Olivera Nikoli\u0107, Singidunum University<\/li>\n<li>Tijana Radojevi\u0107, Singidunum University<\/li>\n<li>Vladimir Poznani\u0107, Faculty of Economics, Finance and Administration in Belgrade, Singidunum University<\/li>\n<li>Vule Mizdrakovi\u0107, Singidunum University<\/li>\n<li>Zoran Jeremi\u0107, Singidunum University<\/li>\n<li>Zoran Jovi\u0107, Singidunum University<\/li>\n<\/ul>\n<\/td>\n<td style=\"vertical-align: top\" width=\"50%\">\n<ul>\n<li>Aleksandar Janju\u0161evi\u0107, Ministry of finance of the Republic of Serbia<\/li>\n<li>Ana Jolovi\u0107, RELOF<\/li>\n<li>Bojan Rado\u0161, VTB BANK A.D. Beograd, Chamber of Authorized Auditors<\/li>\n<li>Branislav Lon\u010dar, Publicis One Serbia<\/li>\n<li>Branko Srdanovi\u0107, OTP Bank<\/li>\n<li>David Schock, Serbian Private Equity Association<\/li>\n<li>Dejan Nedi\u0107, The Second School of Economics<\/li>\n<li>Dragan Pe\u0161i\u0107, Raiffeisen bank<\/li>\n<li>Dragan Vje\u0161tica, Dr. Oetker<\/li>\n<li>Dragana Grozdani\u0107, CBRE Serbia<\/li>\n<li>Marija Jeli\u0107, Network for Business Development<\/li>\n<li>Marko Fabris, Turnaround Management Association Serbia<\/li>\n<li>Mihailo Lazarevi\u0107, Chamber of Authorized Auditors<\/li>\n<li>Milan Bukmirovi\u0107, CFO Assosiation of Serbia<\/li>\n<li>Milan Negovanovi\u0107, Privredni savetnik<\/li>\n<li>Milibor Sakovi\u0107, The First School of Econmics \/ Association of schools of economics, legal-business,tourism-hospitality secondary schools in Serbia<\/li>\n<li>Mira Vukovi\u0107,\u00a0The Institute of Internal Auditors<\/li>\n<li>Miroslav Peri\u0107, KPMG, Chamber of Authorized Auditors<\/li>\n<li>Radoslav Sretenovi\u0107,\u00a0State Audit Institution<\/li>\n<li>Ratomir \u0106irovi\u0107, Privredni savetnik<\/li>\n<li>Sanja Dograji\u0107,\u00a0School of Economics\u00a0&#8220;Nada Dimi\u0107&#8221; Zemun<\/li>\n<li>Sanja Keki\u0107, ISACA Belgrade<\/li>\n<li>Sini\u0161a Krneta,\u00a0Belgrade Stock Exchange<\/li>\n<li>Vladan Nicovi\u0107, Secondary School of Economics \u010ca\u010dak\/ Association of schools of economics, legal-business,tourism-hospitality secondary schools in Serbia<\/li>\n<li>\u017deljko Jovi\u0107, National Bank of Serbia<\/li>\n<li>Zoran \u0160kobi\u0107,\u00a0The Association of Accountants and Auditors of Serbia<\/li>\n<li>Zorica Krnjevi\u0107 Mi\u0161kovi\u0107, Securities and Exchange Commission<\/li>\n<li>Zorica Maravi\u0107, Law and Administration High School\u00a0&#8220;Dimitije Davidovi\u0107&#8221;- Zemun<\/li>\n<\/ul>\n<\/td>\n<\/tr>\n<\/tbody>\n<\/table>\n<p><!--more--><\/p>\n","protected":false},"excerpt":{"rendered":"<p>Milovan Stani\u0161i\u0107, Singidunum University, president of Singidunum University and Chairman of the Conference Committee Mladen Veinovi\u0107, Singidunum University, rector of Singidunum University and Deputy Chairman of the Conference Committee Zoran Petrovi\u0107, Singidunum University Dalibor Radovanovi\u0107, Singidunum University Goran Kunjadi\u0107, Singidunum University Goranka Kne\u017eevi\u0107, Singidunum University Ivica Terzi\u0107, Singidunum University Kosana Vi\u0107entijevi\u0107, Singidunum University Lidija Barjaktarovi\u0107,&#8230;<\/p>\n","protected":false},"author":2,"featured_media":0,"parent":0,"menu_order":0,"comment_status":"closed","ping_status":"closed","template":"","meta":{"footnotes":""},"class_list":["post-262","page","type-page","status-publish","hentry"],"acf":[],"_links":{"self":[{"href":"https:\/\/finiz.singidunum.ac.rs\/en\/wp-json\/wp\/v2\/pages\/262","targetHints":{"allow":["GET"]}}],"collection":[{"href":"https:\/\/finiz.singidunum.ac.rs\/en\/wp-json\/wp\/v2\/pages"}],"about":[{"href":"https:\/\/finiz.singidunum.ac.rs\/en\/wp-json\/wp\/v2\/types\/page"}],"author":[{"embeddable":true,"href":"https:\/\/finiz.singidunum.ac.rs\/en\/wp-json\/wp\/v2\/users\/2"}],"replies":[{"embeddable":true,"href":"https:\/\/finiz.singidunum.ac.rs\/en\/wp-json\/wp\/v2\/comments?post=262"}],"version-history":[{"count":21,"href":"https:\/\/finiz.singidunum.ac.rs\/en\/wp-json\/wp\/v2\/pages\/262\/revisions"}],"predecessor-version":[{"id":368,"href":"https:\/\/finiz.singidunum.ac.rs\/en\/wp-json\/wp\/v2\/pages\/262\/revisions\/368"}],"wp:attachment":[{"href":"https:\/\/finiz.singidunum.ac.rs\/en\/wp-json\/wp\/v2\/media?parent=262"}],"curies":[{"name":"wp","href":"https:\/\/api.w.org\/{rel}","templated":true}]}}