{"id":327,"date":"2016-12-09T08:40:14","date_gmt":"2016-12-09T08:40:14","guid":{"rendered":"http:\/\/finiz.singidunum.ac.rs\/en\/?page_id=327"},"modified":"2016-12-09T08:40:14","modified_gmt":"2016-12-09T08:40:14","slug":"finiz-2016-video-gallery","status":"publish","type":"page","link":"https:\/\/finiz.singidunum.ac.rs\/en\/finiz-2016-video-gallery\/","title":{"rendered":"FINIZ 2016"},"content":{"rendered":"<table class=\"tabela\">\n<tbody>\n<tr>\n<td colspan=\"2\">\n<h2 style=\"text-align: center;\">FINIZ Conference 2016<\/h2>\n<p><iframe loading=\"lazy\" style=\"text-align: center;\" src=\"\/\/www.youtube.com\/embed\/VdBRdb-GYS0\" width=\"960\" height=\"540\" frameborder=\"0\" allowfullscreen=\"allowfullscreen\"><\/iframe><\/td>\n<\/tr>\n<tr>\n<td width=\"480\">\n<h2 style=\"text-align: center; height: 85px;\">Impressions about the conference FINIZ &#8211; prof dr Milovan Stani\u0161i\u0107, President of Singidunum University<\/h2>\n<p><iframe loading=\"lazy\" src=\"\/\/www.youtube.com\/embed\/Y2JkOuln_MU\" width=\"480\" height=\"270\" frameborder=\"0\" allowfullscreen=\"allowfullscreen\"><\/iframe><\/td>\n<td width=\"480\">\n<h2 style=\"text-align: center; height: 85px;\">Impressions about the conference FINIZ &#8211; Radoslav Sretenovic<\/h2>\n<p><iframe loading=\"lazy\" src=\"\/\/www.youtube.com\/embed\/mbtLfwYAcLY\" width=\"480\" height=\"270\" frameborder=\"0\" allowfullscreen=\"allowfullscreen\"><\/iframe><\/td>\n<\/tr>\n<tr>\n<td colspan=\"2\"><\/td>\n<\/tr>\n<tr>\n<td width=\"480\">\n<h2 style=\"text-align: center; height: 85px;\">Impressions about the conference FINIZ &#8211; Branislav Lon\u010dar <\/h2>\n<p><iframe loading=\"lazy\" src=\"\/\/www.youtube.com\/embed\/1_CF25Jjih8\" width=\"480\" height=\"270\" frameborder=\"0\" allowfullscreen=\"allowfullscreen\"><\/iframe><\/td>\n<td width=\"480\">\n<h2 style=\"text-align: center; height: 85px;\">Impressions about the conference FINIZ &#8211; Dragan Vje\u0161tica <\/h2>\n<p><iframe loading=\"lazy\" src=\"\/\/www.youtube.com\/embed\/AdriY8czWXc\" width=\"480\" height=\"270\" frameborder=\"0\" allowfullscreen=\"allowfullscreen\"><\/iframe><\/td>\n<\/tr>\n<tr>\n<td colspan=\"2\"><\/td>\n<\/tr>\n<tr>\n<td width=\"480\">\n<h2 style=\"text-align: center; height: 85px;\">Impressions about the conference FINIZ &#8211; Vladimir Poznani\u0107, PhD <\/h2>\n<p><iframe loading=\"lazy\" src=\"\/\/www.youtube.com\/embed\/PJ2f-QJbt2w\" width=\"480\" height=\"270\" frameborder=\"0\" allowfullscreen=\"allowfullscreen\"><\/iframe><\/td>\n<td width=\"480\">\n<h2 style=\"text-align: center; height: 85px;\">Impressions about the conference FINIZ &#8211; Klod Kolaro <\/h2>\n<p><iframe loading=\"lazy\" src=\"\/\/www.youtube.com\/embed\/e464Nyvor0Y\" width=\"480\" height=\"270\" frameborder=\"0\" allowfullscreen=\"allowfullscreen\"><\/iframe><\/td>\n<\/tr>\n<\/tbody>\n<\/table>\n","protected":false},"excerpt":{"rendered":"<p>FINIZ Conference 2016 Impressions about the conference FINIZ &#8211; prof dr Milovan Stani\u0161i\u0107, President of Singidunum University Impressions about the conference FINIZ &#8211; Radoslav Sretenovic Impressions about the conference FINIZ &#8211; Branislav Lon\u010dar Impressions about the conference FINIZ &#8211; Dragan Vje\u0161tica Impressions about the conference FINIZ &#8211; Vladimir Poznani\u0107, PhD Impressions about the conference FINIZ&#8230;<\/p>\n","protected":false},"author":1,"featured_media":0,"parent":0,"menu_order":0,"comment_status":"closed","ping_status":"closed","template":"","meta":{"footnotes":""},"class_list":["post-327","page","type-page","status-publish","hentry"],"acf":[],"_links":{"self":[{"href":"https:\/\/finiz.singidunum.ac.rs\/en\/wp-json\/wp\/v2\/pages\/327","targetHints":{"allow":["GET"]}}],"collection":[{"href":"https:\/\/finiz.singidunum.ac.rs\/en\/wp-json\/wp\/v2\/pages"}],"about":[{"href":"https:\/\/finiz.singidunum.ac.rs\/en\/wp-json\/wp\/v2\/types\/page"}],"author":[{"embeddable":true,"href":"https:\/\/finiz.singidunum.ac.rs\/en\/wp-json\/wp\/v2\/users\/1"}],"replies":[{"embeddable":true,"href":"https:\/\/finiz.singidunum.ac.rs\/en\/wp-json\/wp\/v2\/comments?post=327"}],"version-history":[{"count":1,"href":"https:\/\/finiz.singidunum.ac.rs\/en\/wp-json\/wp\/v2\/pages\/327\/revisions"}],"predecessor-version":[{"id":328,"href":"https:\/\/finiz.singidunum.ac.rs\/en\/wp-json\/wp\/v2\/pages\/327\/revisions\/328"}],"wp:attachment":[{"href":"https:\/\/finiz.singidunum.ac.rs\/en\/wp-json\/wp\/v2\/media?parent=327"}],"curies":[{"name":"wp","href":"https:\/\/api.w.org\/{rel}","templated":true}]}}