{"id":531,"date":"2018-10-23T08:45:48","date_gmt":"2018-10-23T08:45:48","guid":{"rendered":"http:\/\/finiz.singidunum.ac.rs\/en\/?page_id=531"},"modified":"2019-03-13T07:26:19","modified_gmt":"2019-03-13T07:26:19","slug":"programme-committee-2018","status":"publish","type":"page","link":"https:\/\/finiz.singidunum.ac.rs\/en\/programme-committee-2018\/","title":{"rendered":"Programme Committee 2018"},"content":{"rendered":"<table>\n<tbody>\n<tr>\n<td style=\"vertical-align: top;\" width=\"50%\">\n<ul>\n<li>Milovan Stani\u0161i\u0107, President of Singidunum University and Chairman of the Committee<\/li>\n<li>Mladen Veinovi\u0107, Rector of Singidunum University and Deputy Chairman of the Committee<\/li>\n<li>Nemanja Stani\u0161i\u0107, Vice-rector for Science and Research, Singidunum University<\/li>\n<li>Zoran Petrovi\u0107, Singidunum University<\/li>\n<li>Dalibor Radovanovi\u0107, Singidunum University<\/li>\n<li>Goran Kunjadi\u0107, Singidunum University<\/li>\n<li>Goranka Kne\u017eevi\u0107, Singidunum University<\/li>\n<li>Ivica Terzi\u0107, Singidunum University<\/li>\n<li>Lidija Barjaktarovi\u0107, Singidunum University<\/li>\n<li>Marko Milojevi\u0107, Singidunum University<\/li>\n<li>Mile Stani\u0161i\u0107, Singidunum University<\/li>\n<li>Miroljub Had\u017ei\u0107, Singidunum University<\/li>\n<li>Nikola Stefanovi\u0107, Singidunum University<\/li>\n<li>Olivera Nikoli\u0107, Singidunum University<\/li>\n<li>Tijana Radojevi\u0107, Singidunum University<\/li>\n<li>Vladimir Poznani\u0107, FEFA Belgrade<\/li>\n<li>Vule Mizdrakovi\u0107, Singidunum University<\/li>\n<li>Zoran Jeremi\u0107, Singidunum University<\/li>\n<li>Zoran Jovi\u0107, Singidunum University<\/li>\n<\/ul>\n<\/td>\n<td style=\"vertical-align: top;\" width=\"50%\">\n<ul>\n<li>Aleksandar Janju\u0161evi\u0107, Ministry of Finance of the Republic of Serbia<\/li>\n<li>Aleksandar Kemive\u0161, Chamber of Commerce and Industry of Serbia<\/li>\n<li>Aleksandar Plav\u0161in, CFO Association of Serbia<\/li>\n<li>Ana Jolovi\u0107, RELOF<\/li>\n<li>Biljana Bogovac, PwC Serbia<\/li>\n<li>Bojan Rado\u0161, Chamber of Authorized Auditors<\/li>\n<li>Branislav Lon\u010dar, Publicis One Serbia<\/li>\n<li>Branko Srdanovi\u0107, OTP Bank<\/li>\n<li>David Schock, Serbian Private Equity Association<\/li>\n<li>Dejan Nedi\u0107, The Second School of Economics<\/li>\n<li>Dragan Pe\u0161i\u0107, Raiffeisen bank<\/li>\n<li>Dragan Vje\u0161tica, Dr. Oetker<\/li>\n<li>Dragana Grozdani\u0107, CBS International<\/li>\n<li>Du\u0161ko Pejovi\u0107, State Audit Institution<\/li>\n<li>Jasmina Gr\u017eini\u0107, Juraj Dobrila University of Pula, Faculty of Economics and Tourism &#8220;Dr. Mijo Mirkovi\u0107&#8221;, Croatia<\/li>\n<li>Laura Vasilescu, University of Craiova, Romania<\/li>\n<li>Lidija Baji\u0107, Novo Nordisk Srbija<\/li>\n<li>Marija Jeli\u0107, Network for Business Development<\/li>\n<li>Marko Fabris, Turnaround Management Association Serbia<\/li>\n<li>Mihailo Lazarevi\u0107, Chamber of Authorized Auditors<\/li>\n<li>Milan Bukmirovi\u0107, CFO Assosiation of Serbia<\/li>\n<li>Milan Negovanovi\u0107, Privredni savetnik<\/li>\n<li>Milibor Sakovi\u0107, The First School of Economics \/ Association of schools of economics, legal-business, tourism-hospitality secondary schools in Serbia<\/li>\n<li>Mira Vukovi\u0107, The Institute of Internal Auditors<\/li>\n<li>Miroslav Peri\u0107, Komercijalna Banka AD Belgrade, Chamber of Authorized Auditors<\/li>\n<li>Neboj\u0161a Bulatovi\u0107, Secondary School \u201cSvetozar Markovi\u0107\u201c \u2013 Novi Sad<\/li>\n<li>Ratomir \u0106irovi\u0107, Privredni savetnik<\/li>\n<li>Sanja Keki\u0107, ISACA Belgrade<\/li>\n<li>Sasho Kjosev, Faculty of Economics, University &#8220;Ss. Cyril and Methodius&#8221; Skopje, Republic of Macedonia<\/li>\n<li>Sini\u0161a Krneta, Belgrade Stock Exchange<\/li>\n<li>Ticijan Peru\u0161ko, Juraj Dobrila University of Pula, Faculty of Economics and Tourism &#8220;Dr. Mijo Mirkovi\u0107&#8221;, Croatia<\/li>\n<li>Vladan Nicovi\u0107, Secondary School of Economics \u010ca\u010dak\/ Association of schools of economics, legal-business, tourism-hospitality secondary schools in Serbia<\/li>\n<li>\u017deljko Jovi\u0107, National Bank of Serbia<\/li>\n<li>Zoran \u0160kobi\u0107, The Association of Accountants and Auditors of Serbia<\/li>\n<li>Zorica Krnjevi\u0107 Mi\u0161kovi\u0107, Securities and Exchange Commission<\/li>\n<li>Zorica Maravi\u0107, Law and Administration High School \u201cDimitije Davidovi\u0107\u201d- Zemun<\/li>\n<\/ul>\n<\/td>\n<\/tr>\n<\/tbody>\n<\/table>\n<p><!--more--><\/p>\n","protected":false},"excerpt":{"rendered":"<p>Milovan Stani\u0161i\u0107, President of Singidunum University and Chairman of the Committee Mladen Veinovi\u0107, Rector of Singidunum University and Deputy Chairman of the Committee Nemanja Stani\u0161i\u0107, Vice-rector for Science and Research, Singidunum University Zoran Petrovi\u0107, Singidunum University Dalibor Radovanovi\u0107, Singidunum University Goran Kunjadi\u0107, Singidunum University Goranka Kne\u017eevi\u0107, Singidunum University Ivica Terzi\u0107, Singidunum University Lidija Barjaktarovi\u0107, Singidunum&#8230;<\/p>\n","protected":false},"author":1,"featured_media":0,"parent":0,"menu_order":0,"comment_status":"closed","ping_status":"closed","template":"","meta":{"footnotes":""},"class_list":["post-531","page","type-page","status-publish","hentry"],"acf":[],"_links":{"self":[{"href":"https:\/\/finiz.singidunum.ac.rs\/en\/wp-json\/wp\/v2\/pages\/531","targetHints":{"allow":["GET"]}}],"collection":[{"href":"https:\/\/finiz.singidunum.ac.rs\/en\/wp-json\/wp\/v2\/pages"}],"about":[{"href":"https:\/\/finiz.singidunum.ac.rs\/en\/wp-json\/wp\/v2\/types\/page"}],"author":[{"embeddable":true,"href":"https:\/\/finiz.singidunum.ac.rs\/en\/wp-json\/wp\/v2\/users\/1"}],"replies":[{"embeddable":true,"href":"https:\/\/finiz.singidunum.ac.rs\/en\/wp-json\/wp\/v2\/comments?post=531"}],"version-history":[{"count":5,"href":"https:\/\/finiz.singidunum.ac.rs\/en\/wp-json\/wp\/v2\/pages\/531\/revisions"}],"predecessor-version":[{"id":613,"href":"https:\/\/finiz.singidunum.ac.rs\/en\/wp-json\/wp\/v2\/pages\/531\/revisions\/613"}],"wp:attachment":[{"href":"https:\/\/finiz.singidunum.ac.rs\/en\/wp-json\/wp\/v2\/media?parent=531"}],"curies":[{"name":"wp","href":"https:\/\/api.w.org\/{rel}","templated":true}]}}