{"id":584,"date":"2018-12-17T11:43:13","date_gmt":"2018-12-17T11:43:13","guid":{"rendered":"http:\/\/finiz.singidunum.ac.rs\/en\/?page_id=584"},"modified":"2018-12-17T11:43:13","modified_gmt":"2018-12-17T11:43:13","slug":"video-gallery","status":"publish","type":"page","link":"https:\/\/finiz.singidunum.ac.rs\/en\/video-gallery\/","title":{"rendered":"Video Gallery"},"content":{"rendered":"<p>&nbsp;<\/p>\n<table class=\"tabela\">\n<tbody>\n<tr>\n<td colspan=\"2\">\n<h2 style=\"text-align: center;\">Conference FINIZ 2018<\/h2>\n<p><iframe loading=\"lazy\" style=\"text-align: center;\" src=\"\/\/www.youtube.com\/embed\/mM5_rFR9i34\" width=\"960\" height=\"540\" frameborder=\"0\" allowfullscreen=\"allowfullscreen\"><\/iframe><\/td>\n<\/tr>\n<tr>\n<td width=\"480\">\n<h2 style=\"text-align: center; height: 85px;\">Impressions of the Finiz 2018 conference &#8211; Jovana Miljanovi\u0107, JM Consulting<\/h2>\n<p><iframe loading=\"lazy\" src=\"\/\/www.youtube.com\/embed\/ZfjceHmZszc\" width=\"480\" height=\"270\" frameborder=\"0\" allowfullscreen=\"allowfullscreen\"><\/iframe><\/td>\n<td width=\"480\">\n<h2 style=\"text-align: center; height: 85px;\">Impressions of the Finiz 2018 conference &#8211; Filip Davidovi\u0107, Casa Forte Beograd<\/h2>\n<p><iframe loading=\"lazy\" src=\"\/\/www.youtube.com\/embed\/GkIxpQRs1-0\" width=\"480\" height=\"270\" frameborder=\"0\" allowfullscreen=\"allowfullscreen\"><\/iframe><\/td>\n<\/tr>\n<tr>\n<td colspan=\"2\"><\/td>\n<\/tr>\n<tr>\n<td width=\"480\">\n<h2 style=\"text-align: center; height: 85px;\">Impressions of the Finiz 2018 conference &#8211; Biljana Lazarevi\u0107, Casa Forte<\/h2>\n<p><iframe loading=\"lazy\" src=\"\/\/www.youtube.com\/embed\/sd_Lb4FljBc\" width=\"480\" height=\"270\" frameborder=\"0\" allowfullscreen=\"allowfullscreen\"><\/iframe><\/td>\n<td width=\"480\">\n<h2 style=\"text-align: center; height: 85px;\">Impressions of the Finiz 2018 conference &#8211; Sini\u0161a Krneta, direktor Beogrdske berze<\/h2>\n<p><iframe loading=\"lazy\" src=\"\/\/www.youtube.com\/embed\/04bInbs9oxM\" width=\"480\" height=\"270\" frameborder=\"0\" allowfullscreen=\"allowfullscreen\"><\/iframe><\/td>\n<\/tr>\n<tr>\n<td colspan=\"2\"><\/td>\n<\/tr>\n<tr>\n<td width=\"480\">\n<h2 style=\"text-align: center; height: 85px;\">Impressions of the Finiz 2018 conference &#8211; Biljana Bogovac, partner PwC<\/h2>\n<p><iframe loading=\"lazy\" src=\"\/\/www.youtube.com\/embed\/CpYPeMwvzBg\" width=\"480\" height=\"270\" frameborder=\"0\" allowfullscreen=\"allowfullscreen\"><\/iframe><\/td>\n<td width=\"480\">\n<h2 style=\"text-align: center; height: 85px;\">Impressions of the Finiz 2018 conference &#8211; Danijela Ili\u0107, predsednik Nacionalnog udru\u017eenja procenitelja Srbije<\/h2>\n<p><iframe loading=\"lazy\" src=\"\/\/www.youtube.com\/embed\/FQpjEAyYJ_0\" width=\"480\" height=\"270\" frameborder=\"0\" allowfullscreen=\"allowfullscreen\"><\/iframe><\/td>\n<\/tr>\n<tr>\n<td width=\"480\">\n<h2 style=\"text-align: center; height: 85px;\">Impressions of the Finiz 2018 conference &#8211; Lidija Baji\u0107<\/h2>\n<p><iframe loading=\"lazy\" src=\"\/\/www.youtube.com\/embed\/dbcya_oOLKk\" width=\"480\" height=\"270\" frameborder=\"0\" allowfullscreen=\"allowfullscreen\"><\/iframe><\/td>\n<td width=\"480\"><\/td>\n<\/tr>\n<\/tbody>\n<\/table>\n","protected":false},"excerpt":{"rendered":"<p>&nbsp; Conference FINIZ 2018 Impressions of the Finiz 2018 conference &#8211; Jovana Miljanovi\u0107, JM Consulting Impressions of the Finiz 2018 conference &#8211; Filip Davidovi\u0107, Casa Forte Beograd Impressions of the Finiz 2018 conference &#8211; Biljana Lazarevi\u0107, Casa Forte Impressions of the Finiz 2018 conference &#8211; Sini\u0161a Krneta, direktor Beogrdske berze Impressions of the Finiz 2018&#8230;<\/p>\n","protected":false},"author":1,"featured_media":0,"parent":0,"menu_order":0,"comment_status":"closed","ping_status":"closed","template":"","meta":{"footnotes":""},"class_list":["post-584","page","type-page","status-publish","hentry"],"acf":[],"_links":{"self":[{"href":"https:\/\/finiz.singidunum.ac.rs\/en\/wp-json\/wp\/v2\/pages\/584","targetHints":{"allow":["GET"]}}],"collection":[{"href":"https:\/\/finiz.singidunum.ac.rs\/en\/wp-json\/wp\/v2\/pages"}],"about":[{"href":"https:\/\/finiz.singidunum.ac.rs\/en\/wp-json\/wp\/v2\/types\/page"}],"author":[{"embeddable":true,"href":"https:\/\/finiz.singidunum.ac.rs\/en\/wp-json\/wp\/v2\/users\/1"}],"replies":[{"embeddable":true,"href":"https:\/\/finiz.singidunum.ac.rs\/en\/wp-json\/wp\/v2\/comments?post=584"}],"version-history":[{"count":1,"href":"https:\/\/finiz.singidunum.ac.rs\/en\/wp-json\/wp\/v2\/pages\/584\/revisions"}],"predecessor-version":[{"id":585,"href":"https:\/\/finiz.singidunum.ac.rs\/en\/wp-json\/wp\/v2\/pages\/584\/revisions\/585"}],"wp:attachment":[{"href":"https:\/\/finiz.singidunum.ac.rs\/en\/wp-json\/wp\/v2\/media?parent=584"}],"curies":[{"name":"wp","href":"https:\/\/api.w.org\/{rel}","templated":true}]}}