{"id":602,"date":"2019-02-25T12:47:01","date_gmt":"2019-02-25T12:47:01","guid":{"rendered":"http:\/\/finiz.singidunum.ac.rs\/en\/?page_id=602"},"modified":"2019-11-27T12:10:07","modified_gmt":"2019-11-27T12:10:07","slug":"agenda-2019","status":"publish","type":"page","link":"https:\/\/finiz.singidunum.ac.rs\/en\/agenda-2019\/","title":{"rendered":"Agenda 2019"},"content":{"rendered":"\n<div class=\"table-responsive\">\n<table class=\"table table-condensed agenda\" border=\"0\" width=\"100%\" cellpadding=\"10\">\n<tbody>\n<tr>\n<td class=\"level0\" colspan=\"2\">09.00 \u2013 10.00 REGISTRATION AND WELCOME COFFEE<\/td>\n<\/tr>\n<\/tbody>\n<\/table>\n<\/div>\n<div class=\"table-responsive\">\n<table class=\"table table-condensed agenda\" border=\"0\" width=\"100%\" cellpadding=\"10\">\n<tbody>\n<tr>\n<td class=\"level0\" colspan=\"2\">10.00 &#8211; 11.30 PLENARY SESSION<\/td>\n<\/tr>\n<\/tbody>\n<\/table>\n<\/div>\n<div class=\"table-responsive\">\n<table class=\"table table-condensed agenda\" border=\"0\" width=\"100%\" cellpadding=\"10\">\n<tbody>\n<tr>\n<td class=\"level0\" colspan=\"2\">11.30 &#8211; 11.45 SOCIALIZING AND NETWORKING<\/td>\n<\/tr>\n<\/tbody>\n<\/table>\n<\/div>\n<div class=\"table-responsive\">\n<table class=\"table table-condensed agenda\" border=\"0\" width=\"100%\" cellpadding=\"10\">\n<tbody>\n<tr>\n<td class=\"level0\" colspan=\"2\">11.45 \u2013 13.15 PARALLEL SESSIONS<\/td>\n<\/tr>\n<\/tbody>\n<\/table>\n<\/div>\n\n\n<div class=\"table-responsive\">\n<table class=\"table table-condensed agenda agenda\" border=\"0\" width=\"100%\" cellpadding=\"10\">\n<tbody>\n<tr>\n<td class=\"level1\" colspan=\"2\">Plenary session (SRB\/ENG) <\/td>\n<\/tr>\n<tr>\n<td colspan=\"2\">Moderators:\n<p> <\/p>\n<div class=\"first\" style=\"width: 29%; margin-right: 3%;\"><img decoding=\"async\" src=\"http:\/\/finiz.singidunum.ac.rs\/wp-content\/uploads\/2015\/11\/ZoranPetrovic.jpg\" alt=\"\" width=\"100\" \/>\nZoran Petrovi\u0107, PhD<\/div>\n<div class=\"first\" style=\"width: 29%; margin-right: 3%;\"><a href=\"https:\/\/www.linkedin.com\/in\/lidija-barjaktarovic-5a59b319\" target=\"_blank\" rel=\"noopener noreferrer\"><img decoding=\"async\" src=\"http:\/\/finiz.singidunum.ac.rs\/wp-content\/uploads\/2016\/11\/LidijaBarjaktarovic.jpg\" alt=\"\" width=\"100\" \/><\/a>\nLidija Barjaktarovi\u0107, PhD<\/div><\/td>\n<\/tr>\n<tr>\n<td><a href=\"http:\/\/finiz.singidunum.ac.rs\/blog\/staffs\/milovan-stanisic\/\" target=\"_blank\" rel=\"noopener noreferrer\"><img decoding=\"async\" src=\"http:\/\/finiz.singidunum.ac.rs\/wp-content\/uploads\/2016\/11\/MilovanStanisic.jpg\" alt=\"\" width=\"100\" \/><\/a><\/td>\n<td>Milovan Stani\u0161i\u0107, PhD, President of Singidunum University<\/td>\n<\/tr>\n<tr>\n<td><a href=\"#\" target=\"_blank\" rel=\"noopener noreferrer\"><img decoding=\"async\" src=\"http:\/\/finiz.singidunum.ac.rs\/wp-content\/uploads\/2019\/11\/Milibor-Sakovic.png\" alt=\"\" width=\"100\" \/><\/a><\/td>\n<td>Milibor Sakovi\u0107, President of the Managing Board of the Union of Economic, Legal, Bureaucratic, Trade and Hospitality and Tourism Schools of the Republic of Serbia \/ Director of The First Economic school, Belgrade<\/td>\n<\/tr>\n<tr>\n<td><a href=\"https:\/\/www.linkedin.com\/in\/prof-dr-mihailo-jovanovi%C4%87-24421218\" target=\"_blank\" rel=\"noopener noreferrer\"><img decoding=\"async\" src=\"http:\/\/finiz.singidunum.ac.rs\/wp-content\/uploads\/2019\/11\/Mihailo-Jovanovic-1.jpg\" alt=\"\" width=\"100\" \/><\/a><\/td>\n<td>Mihailo Jovanovi\u0107, Director, The Office for Information Technologies and e-Government<\/td>\n<\/tr>\n<tr>\n<td>\u00a0<a href=\"https:\/\/www.linkedin.com\/in\/marko-jankovi%C4%87-03621437\"><img loading=\"lazy\" decoding=\"async\" class=\"alignnone wp-image-1159\" src=\"http:\/\/finiz.singidunum.ac.rs\/wp-content\/uploads\/2019\/11\/Marko-Jankovic.jpg\" alt=\"\" width=\"100\" height=\"100\" \/><\/a><\/td>\n<td>Marko Jankovi\u0107, President of Securities Commission, Republic of Serbia<\/td>\n<\/tr>\n<tr>\n<td><a href=\"https:\/\/www.linkedin.com\/in\/sini%C5%A1a-krneta-a5a3181a\"><img loading=\"lazy\" decoding=\"async\" class=\"alignnone wp-image-1160\" src=\"http:\/\/finiz.singidunum.ac.rs\/wp-content\/uploads\/2018\/11\/Sinisa-Krneta.jpg\" alt=\"\" width=\"100\" height=\"100\" \/><\/a><\/td>\n<td>Sini\u0161a Krneta, Director, Belgrade Stock Exchange <\/td>\n<\/tr>\n<tr>\n<td><a href=\"https:\/\/www.linkedin.com\/in\/lidija-bajic-b9646213\"><img loading=\"lazy\" decoding=\"async\" class=\"alignnone wp-image-1161\" src=\"http:\/\/finiz.singidunum.ac.rs\/wp-content\/uploads\/2019\/11\/Lidija-Bajic.jpg\" alt=\"\" width=\"100\" height=\"100\" \/><\/a><\/td>\n<td>Lidija Baji\u0107, CFO, Novo Nordisk Pharma<\/td>\n<\/tr>\n<tr>\n<td><a href=\"https:\/\/www.linkedin.com\/in\/courtneymenas\"><img loading=\"lazy\" decoding=\"async\" class=\"alignnone wp-image-1162\" src=\"http:\/\/finiz.singidunum.ac.rs\/wp-content\/uploads\/2019\/11\/courtney-bogaard.png\" alt=\"\" width=\"100\" height=\"100\" \/><\/a><\/td>\n<td>Courtney Bogaard, Head of Talent Acquisition, Nordeus<\/td>\n<\/tr>\n<\/tbody>\n<\/table>\n<\/div>\n\n<div class=\"table-responsive\">\n<table class=\"table table-condensed agenda agenda\" border=\"0\" width=\"100%\" cellpadding=\"10\">\n<tbody>\n<tr>\n<td class=\"level1\" colspan=\"2\">Session A: ACCOUNTING AND AUDIT &#8211; The Impact of Digitalization on the Financial Process Reporting \u2013 046<\/td>\n<\/tr>\n<tr>\n<td class=\"level2\" colspan=\"2\">\n<\/td>\n<\/tr>\n<tr>\n<td colspan=\"2\">Moderator:\n<p><\/p>\n<div class=\"first\" style=\"width: 29%; margin-right: 3%;\"><img decoding=\"async\" src=\"http:\/\/finiz.singidunum.ac.rs\/wp-content\/uploads\/2015\/11\/ZoranPetrovic.jpg\" alt=\"\" width=\"100\" \/><p>\nZoran Petrovi\u0107, PhD<\/p><\/div><\/td>\n<\/tr>\n<tr>\n<td><b>1. The impact of changes in tax regulations on the burden on the accountant<\/b><\/td>\n<\/tr>\n<tr>\n<td>Jovana Dedi\u0107 &#8211; <b>Tax consultant IPC Belgrade<\/b><\/td>\n<\/tr>\n<tr>\n<td><b>2. Cost and Performance Accounting:<\/b><i> Current Situations in the Republic of Serbia and Improvement Opportunities<\/i><\/td>\n<\/tr>\n<tr>\n<td>Rada Stojanovi\u0107 &#8211; <b> SRRS i representative AB soft Beograd<\/b><\/td>\n<\/tr>\n<tr>\n<td>\u017divoslav Damnjanovi\u0107 &#8211; <b>Sales director Adacta doo Beograd <\/b><\/td>\n<\/tr>\n<td ><b>3. Financial Statements Audit: <\/b><i>From Expenses to Benefits<\/i><\/td>\n<tr>\n<td>Zdravko Gardovi\u0107 \u2013 <strong>Executive Direktor at BDO <\/strong><\/td>\n<\/tr>\n<tr>\n<td>Nikola Sene\u0161i \u2013 <strong>CEO at WolfMcGill Group\/Presedent of USSVP<\/strong><\/td>\n<\/tr>\n<\/tbody>\n<\/table>\n<\/div>\n\n<div class=\"table-responsive\">\n<table class=\"table table-condensed agenda agenda\" border=\"0\" width=\"100%\" cellpadding=\"10\">\n<tbody>\n<tr>\n<td class=\"level1\" colspan=\"2\">SESSION B: INTERNAL AUDIT (In association with the Association of Internal Auditors of Serbia UIRS) &#8211; 005<\/td>\n<\/tr>\n<tr>\n<td colspan=\"2\">Moderators:\n<p><\/p>\n<div class=\"first\" style=\"width: 29%; margin-right: 3%;\"><img decoding=\"async\" src=\"http:\/\/finiz.singidunum.ac.rs\/wp-content\/uploads\/2017\/11\/jozefina-beke-trivunac.jpg\" alt=\"\" width=\"100\" \/>\n<p><\/p>\nJosefina Beke Trivunac, PhD<\/div>\n<div class=\"first\" style=\"width: 46%; margin-right: 3%;\"><img loading=\"lazy\" decoding=\"async\" class=\"alignnone wp-image-1163\" src=\"http:\/\/finiz.singidunum.ac.rs\/wp-content\/uploads\/2019\/11\/miroslav-peric.jpg\" alt=\"\" width=\"100\" height=\"100\" \/>\n<p><\/p>\nMiroslav Peri\u0107, PhD<\/div><\/td>\n<\/tr>\n<tr>\n<td><b>&#8220;Challenges to Internal Audit Automation&#8221; <\/b> is the topic of the Internal Audit session. As a part of this session, the speakers will make presentations on various topics that will be discussed during the work. Topics to be addressed are: &#8220;The Challenges of Internal Audit Automation,&#8221; &#8220;Using Software in Audit Planning, Execution, and Reporting,&#8221; and &#8220;Audit Angle Blockchain.&#8221;<\/td>\n<\/tr>\n<tr>\n<td>Stefan Popovi\u0107, <strong>Faculty of Information Technology, Alfa BK University<\/strong><\/td>\n<\/tr>\n<tr>\n<td>Ljubinko Stanojevi\u0107, <strong>Director of the Audit Office of the European Union Funds Management System<\/strong><\/td>\n<\/tr>\n<tr>\n<td>Luka Milinkovi\u0107, <strong>NLB Bank Belgrade<\/strong><\/td>\n<\/tr>\n<\/tbody>\n<\/table>\n<\/div>\n\n<div class=\"table-responsive\">\n<table class=\"table table-condensed agenda agenda\" border=\"0\" width=\"100%\" cellpadding=\"10\">\n<tbody>\n<tr>\n<td class=\"level1\" colspan=\"2\">SESSION C: Singidunum HR FORUM 2019: Serbia Keeping up with HR Trends &#8211; 001<\/td>\n<\/tr>\n<tr>\n<td class=\"level2\" colspan=\"2\">\n<\/td>\n<\/tr>\n<tr>\n<td colspan=\"2\">Moderator:\n<p>\u00a0<\/p>\n<div class=\"first\" style=\"width: 29%; margin-right: 3%;\"><img loading=\"lazy\" decoding=\"async\" class=\"alignnone wp-image-1163\" src=\"http:\/\/finiz.singidunum.ac.rs\/wp-content\/uploads\/2019\/11\/lazar-drazeta.png\" alt=\"\" width=\"100\" height=\"100\" \/><br \/>Lazar Dra\u017eeta, PhD<\/div>\n<\/td>\n<\/tr>\n<tr>\n<td>The key role that human resources have in financial success of an organization suggests the inclusion of employees in an organizational business model, not in the form of expense, but investment, and it regards HR managers as business partners who participate in the creation and implementation of successful business strategy. Focusing on the effective role of HR management in creating motivated, interested and committed employees is a task of every modern organization that is flexible, client-centered, proactive and ready for changes.<\/td>\n<\/tr>\n<tr>\n<td>Courtney Bogaard, <strong>Head of Talent Acquisition, Nordeus<\/strong><\/td>\n<\/tr>\n<tr>\n<td>Alyssa Florio, <strong>HR Partner, Nordeus<\/strong><\/td>\n<\/tr>\n<tr>\n<td>Dragana Stojanovi\u0107, <strong>HR Processes Manager, Air Serbia<\/strong><\/td>\n<\/tr>\n<tr>\n<td>Nata\u0161a Pan\u010di\u0107, <strong>HR Director, East Point Holdings<\/strong><\/td>\n<\/tr>\n<tr>\n<td>Brankica Ljami\u0107, <strong>Director of ICF ACSTH program\/ President ICF Serbia Chapter<\/strong><\/td>\n<\/tr>\n<tr>\n<td>Milica \u0160odi\u0107, <strong>Talent and Performance Management Expert, Delhaize Serbia<\/strong><\/td>\n<\/tr>\n<\/tbody>\n<\/table>\n<\/div>\n\n<div class=\"table-responsive\">\n<table class=\"table table-condensed agenda\" border=\"0\" width=\"100%\" cellpadding=\"10\">\n<tbody>\n<tr>\n<td class=\"level0\" colspan=\"2\">13.15 &#8211; 13.45 &#8211; BUSINESS AND NETWORKING<\/td>\n<\/tr>\n<\/tbody>\n<\/table>\n<\/div>\n<div class=\"table-responsive\">\n<table class=\"table table-condensed agenda\" border=\"0\" width=\"100%\" cellpadding=\"10\">\n<tbody>\n<tr>\n<td class=\"level0\" colspan=\"2\">13.45 &#8211; 15.15 &#8211; PARALLEL SESSIONS<\/td>\n<\/tr>\n<\/tbody>\n<\/table>\n<\/div>\n\n<div class=\"table-responsive\">\n<table class=\"table table-condensed agenda agenda\" border=\"0\" width=\"100%\" cellpadding=\"10\">\n<tbody>\n<tr>\n<td class=\"level1\" colspan=\"2\">SESSION A: Assessors \u2013 The Importance and Role of Court Expertise &#8211; 005<\/td>\n<\/tr>\n<tr>\n<td colspan=\"2\">Moderators:\n<p><\/p>\n<div class=\"first\" style=\"width: 29%; margin-right: 3%;\"><img decoding=\"async\" src=\"http:\/\/finiz.singidunum.ac.rs\/wp-content\/uploads\/2018\/11\/Vule-Mizdrakovi\u0107.jpg\" alt=\"\" width=\"100\" \/>\n<p><\/p>\nVule Mizdrakovi\u0107, PhD<\/div>\n<div class=\"first\" style=\"width: 30%; margin-right: 3%;\"><img loading=\"lazy\" decoding=\"async\" class=\"alignnone wp-image-1163\" src=\"http:\/\/finiz.singidunum.ac.rs\/wp-content\/uploads\/2019\/11\/Danijela-nups.jpg\" alt=\"\" width=\"100\" height=\"100\" \/>\n<p><\/p>\nDanijela Ili\u0107, NUPS<\/div><\/td>\n<\/tr>\n<tr>\n<td>In the light of the adoption of the new draft Law on Judicial Experts, it is necessary to refer to their status and importance in ending court disputes, equalizing standards of quality of work in the profession, as well as quality control of work.<\/td>\n<\/tr>\n<tr>\n<td>Danijela Ili\u0107, <strong>president, National Association of Valuers of Serbia<\/strong><\/td>\n<\/tr>\n<tr>\n<td>Vladimir Dra\u0161kovi\u0107, <strong>Judicial Expert for the Economic-Financial Area \u2013 specialized in the valuation of assets and capital values, the Director of Expertise Assessment and Consulting VPS Belgrade<\/strong><\/td>\n<\/tr>\n<tr>\n<td>Marija Kosti\u0107, <strong>Singidunum University<\/strong><\/td>\n<\/tr>\n<tr>\n<td>Sa\u0161a Baji\u0107, <strong>Lawyer, Bajic&#038;Popovi\u0107 Law Office<\/strong><\/td>\n<\/tr>\n<\/tbody>\n<\/table>\n<\/div>\n\n<div class=\"table-responsive\">\n<table class=\"table table-condensed agenda agenda\" border=\"0\" width=\"100%\" cellpadding=\"10\">\n<tbody>\n<tr>\n<td class=\"level1\" colspan=\"2\">Session B:  FINANCIAL FORENSICS &#8211; Digital and Financial Forensics &#8211; 046<\/td>\n<\/tr>\n<tr>\n<td colspan=\"2\">Moderators:\n<p><\/p>\n<div class=\"first\" style=\"width: 29%; margin-right: 3%;\"><img decoding=\"async\" src=\"http:\/\/finiz.singidunum.ac.rs\/wp-content\/uploads\/2015\/11\/GorankaKnezevic.jpg\" alt=\"\" width=\"100\" \/>\n<p><\/p>\nGoranka Kne\u017eevi\u0107, PhD<\/div>\n<div class=\"first\" style=\"width: 29%; margin-right: 3%;\"><img loading=\"lazy\" decoding=\"async\" class=\"alignnone wp-image-1163\" src=\"http:\/\/finiz.singidunum.ac.rs\/wp-content\/uploads\/2019\/11\/marija-radovanovic.jpg\" alt=\"\" width=\"100\" height=\"100\" \/>\n<p><\/p>\nMarija Radovanovi\u0107, CFE<\/div><\/td>\n<\/tr>\n<tr>\n<td><p>Session Financial Forensics is organized by the Association of Certified Fraud Investigators of Serbia, which is a branch of the International Association of Certified Fraud Investigators (ACFE). The primary goal of the Association is to serve the community by promoting the fight against fraud and corruption through more effective detection and prevention of fraud. The Fraud Investigator Certificate is a globally recognized certification for anti-fraud experts. Authorized fraud investigators possess unique knowledge and skills that are not found in any other discipline. They know how to respond to fraud allegations based on their knowledge of complex financial transactions and fraudulent schemes, legal rules, investigative methods and prevention techniques.<\/p>\n<p>As a part of the Financial Forensics session at the FINIZ 2019 Conference, the respected CFE (Certified Fraud Examiners) will address the topics of digitization as a factor affecting the development of investigative techniques and their increasing efficiency, as well as the impact of digitization on actus reus and crime. Furthermore, the role of the financial forensic officer in the prosecution will be discussed in the process of gathering evidence and writing reports, the work of impact groups, interviewing techniques, as well as the methodology of self-investigations. Numerous anonymized case studies will enable the session participants to gain insight into the importance and importance of crime prevention and detection in the economy.<\/p><\/td>\n<\/tr>\n<tr>\n<td>Marija Radovanovi\u0107, <strong>CFE, Credit Fraud Risk Manager, Raiffeisen Bank Serbia<\/strong><\/td>\n<\/tr>\n<tr>\n<td>Dragana Stojadinovi\u0107, <strong>CFE, Republic of Serbia, Organized Crime Prosecutor&#8217;s Office<\/strong><\/td>\n<\/tr>\n<tr>\n<td>Vladimir Grabulov, <strong>CFE, Forensic, internal audit and compliance services, KPMG<\/strong><\/td>\n<\/tr>\n<tr>\n<td>Sanja Keki\u0107, <strong>ISACA Belgrade Chapter<\/strong><\/td>\n<\/tr>\n<\/tbody>\n<\/table>\n<\/div>\n<div class=\"table-responsive\">\n<table class=\"table table-condensed agenda agenda\" border=\"0\" width=\"100%\" cellpadding=\"10\">\n<tbody>\n<tr>\n<td class=\"level1\" colspan=\"2\">SESSION C: Marketing \u2013 Digital Marketing in the World of Finance &#8211; 001<\/td>\n<\/tr>\n<tr>\n<td colspan=\"2\">Moderators:\n<p><\/p>\n<div class=\"first\" style=\"width: 29%; margin-right: 3%;\"><img decoding=\"async\" src=\"http:\/\/finiz.singidunum.ac.rs\/wp-content\/uploads\/2019\/11\/jelena-gajic.png\" alt=\"\" width=\"100\" \/>\n<p><\/p>\nJelena Gaji\u0107, PhD<\/div>\n<div class=\"first\" style=\"width: 29%; margin-right: 3%;\"><img loading=\"lazy\" decoding=\"async\" class=\"alignnone wp-image-1163\" src=\"http:\/\/finiz.singidunum.ac.rs\/wp-content\/uploads\/2019\/11\/maja-obradovic.jpg\" alt=\"\" width=\"100\" height=\"100\" \/>\n<p><\/p>\nMaja Obradovi\u0107<\/div><\/td>\n<\/tr>\n<tr>\n<td>Digital marketing is an imperative of modern business of financial trends. By defining and implementing a digital marketing strategy of financial services, it is possible to create: a special user experience, delivering exceptional services to digital users and competitiveness in financial market.<\/td>\n<\/tr>\n<tr>\n<td>Marko \u0160obot, <strong>Media Director, MMS Communications\/ Publicis Group Serbia<\/strong><\/td>\n<\/tr>\n<tr>\n<td>Aleksandar Mili\u0107, <strong>Head of Marketing and Communications, Sberbank Serbia<\/strong><\/td>\n<\/tr>\n<tr>\n<td>Emina Azizi, <strong>Regional Account Director, McCann Group<\/strong><\/td>\n<\/tr>\n<tr>\n<td>Marko Bogdanovic, <strong>Social Media Manager, Drive McCann Group<\/strong><\/td>\n<\/tr>\n<\/tbody>\n<\/table>\n<\/div>\n<div class=\"table-responsive\">\n<table class=\"table table-condensed agenda\" border=\"0\" width=\"100%\" cellpadding=\"10\">\n<tbody>\n<tr>\n<td class=\"level0\" colspan=\"2\">15.15 &#8211; 15.30 &#8211; BUSINESS AND NETWORKING<\/td>\n<\/tr>\n<\/tbody>\n<\/table>\n<\/div>\n<div class=\"table-responsive\">\n<table class=\"table table-condensed agenda agenda\" border=\"0\" width=\"100%\" cellpadding=\"10\">\n<tbody>\n<tr>\n<td class=\"level1\" colspan=\"2\">SESSION: SCIENTIFIC PAPERS &#8211; 005<\/td>\n<\/tr>\n<tr>\n<td colspan=\"2\"><b>I part &#8211; SCIENTIFIC PAPERS \u2013 from the thematic areas of the conference<\/b><br><br>\nModerators:\n<p><\/p>\n<div class=\"first\" style=\"width: 29%; margin-right: 3%;\"><img decoding=\"async\" src=\"http:\/\/finiz.singidunum.ac.rs\/wp-content\/uploads\/2019\/02\/Finiz.jpg\" alt=\"\" width=\"100\" \/>\n<p><\/p>\nNemanja Stani\u0161i\u0107, PhD <\/div>\n<div class=\"first\" style=\"width: 29%; margin-right: 3%;\"><img loading=\"lazy\" decoding=\"async\" class=\"alignnone wp-image-1163\" src=\"http:\/\/finiz.singidunum.ac.rs\/wp-content\/uploads\/2018\/11\/Tijana-Radojevi\u0107.png\" alt=\"\" width=\"100\" height=\"100\" \/>\n<p><\/p>\nTijana Radojevi\u0107, PhD<\/div><\/td>\n<\/tr>\n<tr>\n<td><p>The international scientific conference FINIZ 2019 is an ideal opportunity for all its participants to present their work and results to general public, as well as to exchange experiences and ideas with other distinguished experts from relevant fields. Three papers, in the expanded form (30%), will be selected and proposed for the publication in the The European Journal of Applied Economics (M51) in an accelerated procedure.<\/p>\n<p>The scientific session will be devoted to original scientific research papers, where the necessary conditions for the classification into this category were as follows: 1) the statistical analysis of empirical data was performed in the work; 2) the obtained findings provided a clear contribution to the defined research area; 3) the implications Findings of research have for professional practice. <\/p>\n<p>On <b>FINIZ 2019,<\/b> the session <b>Scientific Papers<\/b> is divided in two parallel sessions. Scientific research papers from the thematic areas of the conference will be presented within the first session. In the second session, there will be presented scientific papers in the field of <i>Circular Economics.<\/i> A total of twenty papers will be presented in two parallel sessions. Working language is English.<\/p><\/td>\n<\/tr>\n<tr>\n<td>M. Stani\u0161i\u0107, M. Dobrojevi\u0107, M. Milojevi\u0107, <strong>Financial Transaction Monitoring Software Tool in the University Business Environment<\/strong><\/td>\n<\/tr>\n<tr>\n<td>N. Dra\u017ei\u0107, J. Milovanovi\u0107, G. Dra\u017ei\u0107, E. Mari\u0161ova, <strong>Opportunities for Sustainable Production of Energy Crop Miscanthus in Serbia<\/strong><\/td>\n<\/tr>\n<tr>\n<td>D. Jevti\u0107, T. Vesi\u0107, L. Barjaktarovi\u0107, <strong>Do Serbian Banks Make Optimal Corporate Credit Decisions?<\/strong><\/td>\n<\/tr>\n<tr>\n<td>Z. Jovi\u0107, G. Kunjadi\u0107, D. Singh, <strong>Fintech and Cbdc \u2013 Modern Trends in Banking<\/strong><\/td>\n<\/tr>\n<tr>\n<td>V. Mirkovi\u0107, J. Luki\u0107, V. Martin, <strong>Reshaping Banking industry Through Digital Transformation<\/strong><\/td>\n<\/tr>\n<tr>\n<td>I. Bo\u017ei\u0107 Miljkovi\u0107, M. Dobrojevi\u0107, J. Pr\u0161i\u0107, <strong>Privatization of Banks in Serbia and New Generation Banking Products<\/strong><\/td>\n<\/tr>\n<tr>\n<td>D. Rajin, M. Petrovi\u0107, T. Radojevi\u0107, R. But\u0117nas, <strong>the Role of Knowledge Management in Business Process and Competitiveness<\/strong><\/td>\n<\/tr>\n<tr>\n<td>V. Miti\u0107, T. Koki\u0107, V. Mizdrakovi\u0107, D. Tereladze, <strong>Correlation Between Asset Impairment and Profitability of Serbian Listed Companies<\/strong><\/td>\n<\/tr>\n<tr>\n<td>M. Gr\u00f6blacher, V. Mizdrakovi\u0107, <strong>Triple-Entry Bookkeeping: History and Benefits of the Concept<\/strong><\/td>\n<\/tr>\n<tr>\n<td>M. Gligori\u0107, V. Mizdrakovi\u0107, M. Kosti\u0107, J. Gr\u017eini\u0107, <strong>Mandatory Audit: Who Performs Audits of Companies on Belgrade Stock Exchange?<\/strong><\/td>\n<\/tr>\n<tr>\n<td>E. Pap, M. Petkovi\u0107, A. Blagojevi\u0107, S. Stani\u0161i\u0107, <strong>Importance of intellectual Capital Components in Management Decision-Making Processes of French Companies: an Empirical Study Using Shapley\u2019s Value and Lambda Fuzzy Measurement Method <\/strong><\/td>\n<\/tr>\n<tr>\n<td>D. Ignjatovi\u0107, M. Stani\u0107, <strong>Contemporary Marketing in Pharmacy With the Focus on the E-Pharmacy Concep<\/strong><\/td>\n<\/tr>\n<tr>\n<td>J. Teodorovi\u0107, S. \u010cubrilo, <strong>Importance of Employee&#8217;s Motivation For Business Success \u2013Example of Beiersdorf<\/strong><\/td>\n<\/tr>\n<tr>\n<td>M. Peri\u0107, <strong>the Impact of Fdi inflow on Ex-Yugoslav Countries\u2019 Labour Markets<\/strong><\/td>\n<\/tr>\n<tr>\n<td>Z. Bracanovi\u0107, N. Berber, <strong>the Impact of the Restructuring Process on the Development of New Competencies of Knowledge in Enterprises<\/strong><\/td>\n<\/tr>\n<\/tbody>\n<\/table>\n<\/div>\n<div class=\"table-responsive\">\n<table class=\"table table-condensed agenda agenda\" border=\"0\" width=\"100%\" cellpadding=\"10\">\n<tbody>\n<tr>\n<td class=\"level1\" colspan=\"2\">SESSION: SCIENTIFIC PAPERS &#8211; 001<\/td>\n<\/tr>\n<tr>\n<td><b>II part &#8211; SCIENTIFIC PAPERS \u2013 CIRCULAR ECONOMY<\/b><br><br>\nModerator:\n<p><\/p>\n<div class=\"first\" style=\"width: 29%; margin-right: 3%;\"><img decoding=\"async\" src=\"http:\/\/finiz.singidunum.ac.rs\/wp-content\/uploads\/2019\/11\/mesud-adzemovic.jpg\" alt=\"\" width=\"100\" \/>\n<p><\/p>\nMesud Ad\u017eemovi\u0107, PhD <\/div><br><br>\n<p>The scientific session was devoted to original scientific research papers, where the necessary conditions for classification into this category were as follows: 1) the statistical analysis of empirical data was performed in the work; 2) the obtained findings provided a clear contribution to the defined research area; 3) the implications Findings of research have for professional practice. Within this year\u2019s scientific session, 5 papers will be presented, and the working language of the session is English. <\/p>\n<\/tr>\n<tr>\n<td>M. Stani\u0161i\u0107, N. Radovi\u0107, J. Nikoli\u0107, <strong>Review of Sustainable Business and Profitability of Eco-Friendly Hotels in Serbia<\/strong><\/td>\n<\/tr>\n<tr>\n<td>V. Risti\u0107 Vakanjac, M. Vuji\u010di\u0107 Trkulja, M. \u010cokorilo Ili\u0107, <strong>Potentials for Sustainable Usage of Karst Aquifers in Serbia<\/strong><\/td>\n<\/tr>\n<tr>\n<td>L. Amid\u017ei\u0107, D. Veli\u010dkovic, M. Vuj\u010di\u0107 Trkulja, <strong>Circular Economy As an instrument of Nature Conservation<\/strong><\/td>\n<\/tr>\n<tr>\n<td>B. Vakanjac, S. \u0110or\u0111evi\u0107 Milo\u0161evi\u0107, V. Risti\u0107 Vakanjac, <strong>Potential Place For Gravel and Sand Exploitation in the Circular Economy<\/strong><\/td>\n<\/tr>\n<tr>\n<td>B. Vakanjac, L. Amid\u017ei\u0107, T. \u0110umi\u0107, <strong>Revalorization of Existing Tailing Dumps in Serbia: Bor and Rudnik Case Studies<\/strong><\/td>\n<\/tr>\n<\/tbody>\n<\/table>\n<\/div>\n<div class=\"table-responsive\">\n<table class=\"table table-condensed agenda\" border=\"0\" width=\"100%\" cellpadding=\"10\">\n<tbody>\n<tr>\n<td class=\"level0\" colspan=\"2\" style=\"text-align: center;\">17.00 &#8211; The End Conference<\/td>\n<\/tr>\n<\/tbody>\n<\/table>\n<\/div>\n","protected":false},"excerpt":{"rendered":"<p>09.00 \u2013 10.00 REGISTRATION AND WELCOME COFFEE 10.00 &#8211; 11.30 PLENARY SESSION 11.30 &#8211; 11.45 SOCIALIZING AND NETWORKING 11.45 \u2013 13.15 PARALLEL SESSIONS Plenary session (SRB\/ENG) Moderators: Zoran Petrovi\u0107, PhD Lidija Barjaktarovi\u0107, PhD Milovan Stani\u0161i\u0107, PhD, President of Singidunum University Milibor Sakovi\u0107, President of the Managing Board of the Union of Economic, Legal, Bureaucratic, Trade&#8230;<\/p>\n","protected":false},"author":1,"featured_media":0,"parent":0,"menu_order":0,"comment_status":"closed","ping_status":"closed","template":"","meta":{"footnotes":""},"class_list":["post-602","page","type-page","status-publish","hentry"],"acf":[],"_links":{"self":[{"href":"https:\/\/finiz.singidunum.ac.rs\/en\/wp-json\/wp\/v2\/pages\/602","targetHints":{"allow":["GET"]}}],"collection":[{"href":"https:\/\/finiz.singidunum.ac.rs\/en\/wp-json\/wp\/v2\/pages"}],"about":[{"href":"https:\/\/finiz.singidunum.ac.rs\/en\/wp-json\/wp\/v2\/types\/page"}],"author":[{"embeddable":true,"href":"https:\/\/finiz.singidunum.ac.rs\/en\/wp-json\/wp\/v2\/users\/1"}],"replies":[{"embeddable":true,"href":"https:\/\/finiz.singidunum.ac.rs\/en\/wp-json\/wp\/v2\/comments?post=602"}],"version-history":[{"count":12,"href":"https:\/\/finiz.singidunum.ac.rs\/en\/wp-json\/wp\/v2\/pages\/602\/revisions"}],"predecessor-version":[{"id":669,"href":"https:\/\/finiz.singidunum.ac.rs\/en\/wp-json\/wp\/v2\/pages\/602\/revisions\/669"}],"wp:attachment":[{"href":"https:\/\/finiz.singidunum.ac.rs\/en\/wp-json\/wp\/v2\/media?parent=602"}],"curies":[{"name":"wp","href":"https:\/\/api.w.org\/{rel}","templated":true}]}}