{"id":621,"date":"2019-09-16T11:16:42","date_gmt":"2019-09-16T11:16:42","guid":{"rendered":"http:\/\/finiz.singidunum.ac.rs\/en\/?page_id=621"},"modified":"2019-11-12T10:59:34","modified_gmt":"2019-11-12T10:59:34","slug":"organizing-committee-2019","status":"publish","type":"page","link":"https:\/\/finiz.singidunum.ac.rs\/en\/organizing-committee-2019\/","title":{"rendered":"Organizing Committee 2019"},"content":{"rendered":"<ul>\n<li style=\"list-style-type: none\">\n<ul>\n<li style=\"list-style-type: none\">\n<ul>\n<li style=\"list-style-type: none\">\n<ul>\n<li>\u200bMilovan Stani\u0161i\u0107, Predsednik Univerziteta Singidunum, predsednik odbora konferencije<\/li>\n<li>Endre Pap, rector, Singidunum University<\/li>\n<li>Nemanja Stani\u0161i\u0107, Vice-rector for Science and Research, Singidunum University<\/li>\n<li>\u200bZoran Petrovi\u0107, zamenik predsednika odbora konferencije<\/li>\n<li>Aleksandar Mihajlovi\u0107<\/li>\n<li>Ana Obradovi\u0107<\/li>\n<li>Goran Kunjadi\u0107<\/li>\n<li>Goranka Kne\u017eevi\u0107<\/li>\n<li>Ivica Terzi\u0107<\/li>\n<li>Jelena Gaji\u0107<\/li>\n<li>Jovana Mari\u010di\u0107<\/li>\n<li>Lazar Dra\u017eeta<\/li>\n<li>Lidija Barjaktarovi\u0107<\/li>\n<li>Maja Gligori\u0107<\/li>\n<li>Maja Obradovi\u0107<\/li>\n<li>Marijana Prodanovi\u0107<\/li>\n<li>Marko Milojevi\u0107<\/li>\n<li>Marko \u0160arac<\/li>\n<li>Mesud Ad\u017eemovi\u0107<\/li>\n<li>Milan Tair<\/li>\n<li>Milo\u0161 Vi\u0161nji\u0107<\/li>\n<li>Petar Jaki\u0107<\/li>\n<li>Tanja Vu\u010dkovi\u0107<\/li>\n<li>Predrag Obradovi\u0107<\/li>\n<li>Predrag Vukadinovi\u0107<\/li>\n<li>Slavko Al\u010dakovi\u0107<\/li>\n<li>Svetlana Stani\u0161i\u0107<\/li>\n<li>Vule Mizdrakovi\u0107<\/li>\n<li>Zoran Jovi\u0107<\/li>\n<\/ul>\n<\/li>\n<\/ul>\n<\/li>\n<\/ul>\n<\/li>\n<\/ul>\n","protected":false},"excerpt":{"rendered":"<p>\u200bMilovan Stani\u0161i\u0107, Predsednik Univerziteta Singidunum, predsednik odbora konferencije Endre Pap, rector, Singidunum University Nemanja Stani\u0161i\u0107, Vice-rector for Science and Research, Singidunum University \u200bZoran Petrovi\u0107, zamenik predsednika odbora konferencije Aleksandar Mihajlovi\u0107 Ana Obradovi\u0107 Goran Kunjadi\u0107 Goranka Kne\u017eevi\u0107 Ivica Terzi\u0107 Jelena Gaji\u0107 Jovana Mari\u010di\u0107 Lazar Dra\u017eeta Lidija Barjaktarovi\u0107 Maja Gligori\u0107 Maja Obradovi\u0107 Marijana Prodanovi\u0107 Marko Milojevi\u0107 Marko&#8230;<\/p>\n","protected":false},"author":1,"featured_media":0,"parent":0,"menu_order":0,"comment_status":"closed","ping_status":"closed","template":"","meta":{"footnotes":""},"class_list":["post-621","page","type-page","status-publish","hentry"],"acf":[],"_links":{"self":[{"href":"https:\/\/finiz.singidunum.ac.rs\/en\/wp-json\/wp\/v2\/pages\/621","targetHints":{"allow":["GET"]}}],"collection":[{"href":"https:\/\/finiz.singidunum.ac.rs\/en\/wp-json\/wp\/v2\/pages"}],"about":[{"href":"https:\/\/finiz.singidunum.ac.rs\/en\/wp-json\/wp\/v2\/types\/page"}],"author":[{"embeddable":true,"href":"https:\/\/finiz.singidunum.ac.rs\/en\/wp-json\/wp\/v2\/users\/1"}],"replies":[{"embeddable":true,"href":"https:\/\/finiz.singidunum.ac.rs\/en\/wp-json\/wp\/v2\/comments?post=621"}],"version-history":[{"count":5,"href":"https:\/\/finiz.singidunum.ac.rs\/en\/wp-json\/wp\/v2\/pages\/621\/revisions"}],"predecessor-version":[{"id":652,"href":"https:\/\/finiz.singidunum.ac.rs\/en\/wp-json\/wp\/v2\/pages\/621\/revisions\/652"}],"wp:attachment":[{"href":"https:\/\/finiz.singidunum.ac.rs\/en\/wp-json\/wp\/v2\/media?parent=621"}],"curies":[{"name":"wp","href":"https:\/\/api.w.org\/{rel}","templated":true}]}}