{"id":796,"date":"2020-12-08T07:55:59","date_gmt":"2020-12-08T07:55:59","guid":{"rendered":"http:\/\/finiz.singidunum.ac.rs\/en\/?page_id=796"},"modified":"2021-01-14T10:51:11","modified_gmt":"2021-01-14T10:51:11","slug":"video-2021","status":"publish","type":"page","link":"https:\/\/finiz.singidunum.ac.rs\/en\/video-2021\/","title":{"rendered":"Video 2021"},"content":{"rendered":"\n<p>&nbsp;<\/p>\n<table class=\"tabela\">\n<tbody>\n<tr>\n<td colspan=\"2\">\n<h2 style=\"text-align: center;\">Konferencija FINIZ 2020<\/h2>\n<p><iframe loading=\"lazy\" style=\"text-align: center;\" src=\"https:\/\/www.youtube.com\/embed\/xbnhnyzw3Co\" width=\"960\" height=\"540\" frameborder=\"0\" allowfullscreen=\"allowfullscreen\"><\/iframe><\/p>\n<\/td>\n<\/tr>\n<tr>\n<td width=\"480\">\n<h2 style=\"text-align: center; height: 85px;\">Marketing i automatizacija<\/h2>\n<p><iframe loading=\"lazy\" src=\"https:\/\/www.youtube.com\/embed\/FUC5Uvs2Aqc\" width=\"480\" height=\"270\" frameborder=\"0\" allowfullscreen=\"allowfullscreen\"><\/iframe><\/p>\n<\/td>\n<td width=\"480\">\n<h2 style=\"text-align: center; height: 85px;\">Nacionalni standardi za procenu vrednosti nepokretnosti<\/h2>\n<p><iframe loading=\"lazy\" src=\"https:\/\/www.youtube.com\/embed\/6NSux8ebxqs\" width=\"480\" height=\"270\" frameborder=\"0\" allowfullscreen=\"allowfullscreen\"><\/iframe><\/p>\n<\/td>\n<\/tr>\n<tr>\n<td width=\"480\">\n<h2 style=\"text-align: center; height: 85px;\">Nau\u010dno istra\u017eiva\u010dki radovi<\/h2>\n<p><iframe loading=\"lazy\" src=\"https:\/\/www.youtube.com\/embed\/l1AztJMRYvk\" width=\"480\" height=\"270\" frameborder=\"0\" allowfullscreen=\"allowfullscreen\"><\/iframe><\/p>\n<\/td>\n<td width=\"480\">\n<h2 style=\"text-align: center; height: 85px;\">U korak sa akutelnim trendovima u finansijskoj forenzici<\/h2>\n<p><iframe loading=\"lazy\" src=\"https:\/\/www.youtube.com\/embed\/dEVPPKRDhoo\" width=\"480\" height=\"270\" frameborder=\"0\" allowfullscreen=\"allowfullscreen\"><\/iframe><\/p>\n<\/td>\n<\/tr>\n<tr>\n<td width=\"480\">\n<h2 style=\"text-align: center; height: 85px;\">Interni revizori u korak sa promenama<\/h2>\n<p><iframe loading=\"lazy\" src=\"https:\/\/www.youtube.com\/embed\/QvO_gCJH5P0\" width=\"480\" height=\"270\" frameborder=\"0\" allowfullscreen=\"allowfullscreen\"><\/iframe><\/p>\n<\/td>\n<td width=\"480\">\n<h2 style=\"text-align: center; height: 85px;\">Digitalni HR<\/h2>\n<p><iframe loading=\"lazy\" src=\"https:\/\/www.youtube.com\/embed\/i137KkRgpxU\" width=\"480\" height=\"270\" frameborder=\"0\" allowfullscreen=\"allowfullscreen\"><\/iframe><\/p>\n<\/td>\n<\/tr>\n<\/tbody>\n<\/table>\n","protected":false},"excerpt":{"rendered":"<p>&nbsp; Konferencija FINIZ 2020 Marketing i automatizacija Nacionalni standardi za procenu vrednosti nepokretnosti Nau\u010dno istra\u017eiva\u010dki radovi U korak sa akutelnim trendovima u finansijskoj forenzici Interni revizori u korak sa promenama Digitalni HR<\/p>\n","protected":false},"author":3,"featured_media":0,"parent":0,"menu_order":0,"comment_status":"closed","ping_status":"closed","template":"","meta":{"footnotes":""},"class_list":["post-796","page","type-page","status-publish","hentry"],"acf":[],"_links":{"self":[{"href":"https:\/\/finiz.singidunum.ac.rs\/en\/wp-json\/wp\/v2\/pages\/796","targetHints":{"allow":["GET"]}}],"collection":[{"href":"https:\/\/finiz.singidunum.ac.rs\/en\/wp-json\/wp\/v2\/pages"}],"about":[{"href":"https:\/\/finiz.singidunum.ac.rs\/en\/wp-json\/wp\/v2\/types\/page"}],"author":[{"embeddable":true,"href":"https:\/\/finiz.singidunum.ac.rs\/en\/wp-json\/wp\/v2\/users\/3"}],"replies":[{"embeddable":true,"href":"https:\/\/finiz.singidunum.ac.rs\/en\/wp-json\/wp\/v2\/comments?post=796"}],"version-history":[{"count":2,"href":"https:\/\/finiz.singidunum.ac.rs\/en\/wp-json\/wp\/v2\/pages\/796\/revisions"}],"predecessor-version":[{"id":838,"href":"https:\/\/finiz.singidunum.ac.rs\/en\/wp-json\/wp\/v2\/pages\/796\/revisions\/838"}],"wp:attachment":[{"href":"https:\/\/finiz.singidunum.ac.rs\/en\/wp-json\/wp\/v2\/media?parent=796"}],"curies":[{"name":"wp","href":"https:\/\/api.w.org\/{rel}","templated":true}]}}