{"id":798,"date":"2020-12-08T08:01:42","date_gmt":"2020-12-08T08:01:42","guid":{"rendered":"http:\/\/finiz.singidunum.ac.rs\/en\/?page_id=798"},"modified":"2020-12-08T08:01:45","modified_gmt":"2020-12-08T08:01:45","slug":"video-2019","status":"publish","type":"page","link":"https:\/\/finiz.singidunum.ac.rs\/en\/video-2019\/","title":{"rendered":"Video 2019"},"content":{"rendered":"\n<p>&nbsp;<\/p>\n<table class=\"tabela\">\n<tbody>\n<tr>\n<td colspan=\"2\">\n<h2 style=\"text-align: center;\">Konferencija FINIZ 2019<\/h2>\n<p><iframe loading=\"lazy\" style=\"text-align: center;\" src=\"https:\/\/www.youtube.com\/embed\/F_WraFzvw2Y\" width=\"960\" height=\"540\" frameborder=\"0\" allowfullscreen=\"allowfullscreen\"><\/iframe><\/p>\n<\/td>\n<\/tr>\n<tr>\n<td width=\"480\">\n<h2 style=\"text-align: center; height: 85px;\">Vladislav Cvetkovi\u0107, PwC Serbia Zna\u010daj FINIZ-a za poslovni svet<\/h2>\n<p><iframe loading=\"lazy\" src=\"https:\/\/www.youtube.com\/embed\/g8bqf3aXorQ\" width=\"480\" height=\"270\" frameborder=\"0\" allowfullscreen=\"allowfullscreen\"><\/iframe><\/p>\n<\/td>\n<td width=\"480\">\n<h2 style=\"text-align: center; height: 85px;\">Milica \u0160odi\u0107, Delhaize Serbia Upravljanje talentima<\/h2>\n<p><iframe loading=\"lazy\" src=\"https:\/\/www.youtube.com\/embed\/TVaslDXl0To\" width=\"480\" height=\"270\" frameborder=\"0\" allowfullscreen=\"allowfullscreen\"><\/iframe><\/p>\n<\/td>\n<\/tr>\n<tr>\n<td width=\"480\">\n<h2 style=\"text-align: center; height: 85px;\">Nikola Sene\u0161i, Wolf &amp; McGill Group Impresije o FINIZ 2019<\/h2>\n<p><iframe loading=\"lazy\" src=\"https:\/\/www.youtube.com\/embed\/T_zKfDxpuHQ\" width=\"480\" height=\"270\" frameborder=\"0\" allowfullscreen=\"allowfullscreen\"><\/iframe><\/p>\n<\/td>\n<td width=\"480\">\n<h2 style=\"text-align: center; height: 85px;\">Nata\u0161a Pan\u010di\u0107, East Point Holding Digitalizacija i trendovi u HR u<\/h2>\n<p><iframe loading=\"lazy\" src=\"https:\/\/www.youtube.com\/embed\/ItWmxtat2ok\" width=\"480\" height=\"270\" frameborder=\"0\" allowfullscreen=\"allowfullscreen\"><\/iframe><\/p>\n<\/td>\n<\/tr>\n<tr>\n<td width=\"480\">\n<h2 style=\"text-align: center; height: 85px;\">Marija Radovanovi\u0107, ACFE Serbia Chapter Zna\u010daj FINIZ za poslovni svet<\/h2>\n<p><iframe loading=\"lazy\" src=\"https:\/\/www.youtube.com\/embed\/DsqTYYFWglM\" width=\"480\" height=\"270\" frameborder=\"0\" allowfullscreen=\"allowfullscreen\"><\/iframe><\/p>\n<\/td>\n<td width=\"480\">\n<h2 style=\"text-align: center; height: 85px;\">Aleksandar Mili\u0107, Sberbank Beograd Digitalizacija bankarskih proizvoda i zahtevi klijenata<\/h2>\n<p><iframe loading=\"lazy\" src=\"https:\/\/www.youtube.com\/embed\/z-xr1UvR4KI\" width=\"480\" height=\"270\" frameborder=\"0\" allowfullscreen=\"allowfullscreen\"><\/iframe><\/p>\n<\/td>\n<\/tr>\n<tr>\n<td width=\"480\">\n<h2 style=\"text-align: center; height: 85px;\">Marko Jankovi\u0107, Komisija za hartije od vrednosti Digitalizacija i finansijska edukacija<\/h2>\n<p><iframe loading=\"lazy\" src=\"https:\/\/www.youtube.com\/embed\/2gcDaiKXmeY\" width=\"480\" height=\"270\" frameborder=\"0\" allowfullscreen=\"allowfullscreen\"><\/iframe><\/p>\n<\/td>\n<td width=\"480\">\n<h2 style=\"text-align: center; height: 85px;\">Emina Azizi, MCCann Group Digitalizacija i kontekst kampanje<\/h2>\n<p><iframe loading=\"lazy\" src=\"https:\/\/www.youtube.com\/embed\/_Jh5VynNsR4\" width=\"480\" height=\"270\" frameborder=\"0\" allowfullscreen=\"allowfullscreen\"><\/iframe><\/p>\n<\/td>\n<\/tr>\n<\/tbody>\n<\/table>\n","protected":false},"excerpt":{"rendered":"<p>&nbsp; Konferencija FINIZ 2019 Vladislav Cvetkovi\u0107, PwC Serbia Zna\u010daj FINIZ-a za poslovni svet Milica \u0160odi\u0107, Delhaize Serbia Upravljanje talentima Nikola Sene\u0161i, Wolf &amp; McGill Group Impresije o FINIZ 2019 Nata\u0161a Pan\u010di\u0107, East Point Holding Digitalizacija i trendovi u HR u Marija Radovanovi\u0107, ACFE Serbia Chapter Zna\u010daj FINIZ za poslovni svet Aleksandar Mili\u0107, Sberbank Beograd Digitalizacija&#8230;<\/p>\n","protected":false},"author":3,"featured_media":0,"parent":0,"menu_order":0,"comment_status":"closed","ping_status":"closed","template":"","meta":{"footnotes":""},"class_list":["post-798","page","type-page","status-publish","hentry"],"acf":[],"_links":{"self":[{"href":"https:\/\/finiz.singidunum.ac.rs\/en\/wp-json\/wp\/v2\/pages\/798","targetHints":{"allow":["GET"]}}],"collection":[{"href":"https:\/\/finiz.singidunum.ac.rs\/en\/wp-json\/wp\/v2\/pages"}],"about":[{"href":"https:\/\/finiz.singidunum.ac.rs\/en\/wp-json\/wp\/v2\/types\/page"}],"author":[{"embeddable":true,"href":"https:\/\/finiz.singidunum.ac.rs\/en\/wp-json\/wp\/v2\/users\/3"}],"replies":[{"embeddable":true,"href":"https:\/\/finiz.singidunum.ac.rs\/en\/wp-json\/wp\/v2\/comments?post=798"}],"version-history":[{"count":1,"href":"https:\/\/finiz.singidunum.ac.rs\/en\/wp-json\/wp\/v2\/pages\/798\/revisions"}],"predecessor-version":[{"id":799,"href":"https:\/\/finiz.singidunum.ac.rs\/en\/wp-json\/wp\/v2\/pages\/798\/revisions\/799"}],"wp:attachment":[{"href":"https:\/\/finiz.singidunum.ac.rs\/en\/wp-json\/wp\/v2\/media?parent=798"}],"curies":[{"name":"wp","href":"https:\/\/api.w.org\/{rel}","templated":true}]}}